{"id":507,"date":"2019-04-26T17:05:15","date_gmt":"2019-04-26T15:05:15","guid":{"rendered":"https:\/\/pampliegaassociats.com\/?page_id=507"},"modified":"2023-02-28T16:04:16","modified_gmt":"2023-02-28T15:04:16","slug":"alianzas-estrategicas","status":"publish","type":"page","link":"https:\/\/pampliegaassociats.com\/es\/alianzas-estrategicas\/","title":{"rendered":"Alianzas estrat\u00e9gicas"},"content":{"rendered":"\n<div class=\"wp-block-columns alignwide has-2-columns column_inside_02 is-layout-flex wp-container-core-columns-is-layout-9d6595d7 wp-block-columns-is-layout-flex\">\n<div class=\"wp-block-column is-layout-flow wp-block-column-is-layout-flow\">\n<div class=\"wp-block-ga-block-animation-block\"><div style=\"z-index:1\" class=\"gutenberg-animate-block animated hide-before no-delay slow\" data-in=\"fadeIn\" data-reset=\"false\" data-emergence=\"hidden\">\n<figure class=\"wp-block-image\"><img loading=\"lazy\" decoding=\"async\" width=\"239\" height=\"456\" src=\"https:\/\/pampliegaassociats.com\/wp-content\/uploads\/2019\/02\/img_alianzas.jpg\" alt=\"Aliances estrat\u00e8giques\" class=\"wp-image-270\" srcset=\"https:\/\/pampliegaassociats.com\/wp-content\/uploads\/2019\/02\/img_alianzas.jpg 239w, https:\/\/pampliegaassociats.com\/wp-content\/uploads\/2019\/02\/img_alianzas-79x150.jpg 79w, https:\/\/pampliegaassociats.com\/wp-content\/uploads\/2019\/02\/img_alianzas-157x300.jpg 157w\" sizes=\"auto, (max-width: 239px) 100vw, 239px\" \/><\/figure>\n<\/div><\/div>\n<\/div>\n\n\n\n<div class=\"wp-block-column is-layout-flow wp-block-column-is-layout-flow\">\n<h1 class=\"wp-block-heading\">Alianzas estrat\u00e9gicas<\/h1>\n\n\n\n<p class=\"summary_page_inside\">Contamos con empresas asociadas con reconocido expertise en comunicaci\u00f3n corporativa y reputaci\u00f3n, branding, sostenibilidad, an\u00e1lisis de crisis sectoriales, innovaci\u00f3n, coaching, entre otras, para garantizar soluciones \u00f3ptimas para nuestros clientes.<\/p>\n\n\n\n<div style=\"height:50px\" aria-hidden=\"true\" class=\"wp-block-spacer\"><\/div>\n\n\n\n<div class=\"wp-block-ga-block-animation-block\"><div style=\"z-index:1\" class=\"gutenberg-animate-block animated hide-before no-delay slow\" data-in=\"fadeInRight\" data-reset=\"false\" data-emergence=\"hidden\">\n<figure class=\"wp-block-image size-full is-resized box_logo\"><a href=\"https:\/\/www.llorenteycuenca.com\/\" target=\"_blank\" rel=\"noreferrer noopener\"><img loading=\"lazy\" decoding=\"async\" src=\"https:\/\/pampliegaassociats.com\/wp-content\/uploads\/2021\/12\/logo_llorente_cuenca_2-1.png\" alt=\"Llorente y Cuenca\" class=\"wp-image-2409\" width=\"167\" height=\"51\" srcset=\"https:\/\/pampliegaassociats.com\/wp-content\/uploads\/2021\/12\/logo_llorente_cuenca_2-1.png 334w, https:\/\/pampliegaassociats.com\/wp-content\/uploads\/2021\/12\/logo_llorente_cuenca_2-1-300x92.png 300w, https:\/\/pampliegaassociats.com\/wp-content\/uploads\/2021\/12\/logo_llorente_cuenca_2-1-150x46.png 150w, https:\/\/pampliegaassociats.com\/wp-content\/uploads\/2021\/12\/logo_llorente_cuenca_2-1-200x61.png 200w\" sizes=\"auto, (max-width: 167px) 100vw, 167px\" \/><\/a><\/figure>\n\n\n\n<p>Llorente y Cuenca, consultor\u00eda global de comunicaci\u00f3n presente en m\u00e1s de 13 pa\u00edses<\/p>\n\n\n\n<div style=\"height:29px\" aria-hidden=\"true\" class=\"wp-block-spacer\"><\/div>\n\n\n\n<figure class=\"wp-block-image box_logo\"><a href=\"https:\/\/www.icerda.org\/cat\/\" target=\"_blank\" rel=\"noreferrer noopener\"><img loading=\"lazy\" decoding=\"async\" width=\"307\" height=\"56\" src=\"https:\/\/pampliegaassociats.com\/wp-content\/uploads\/2019\/02\/logo_institut_cerda_color.png\" alt=\"Institut Cerd\u00e0\" class=\"wp-image-263\" srcset=\"https:\/\/pampliegaassociats.com\/wp-content\/uploads\/2019\/02\/logo_institut_cerda_color.png 307w, https:\/\/pampliegaassociats.com\/wp-content\/uploads\/2019\/02\/logo_institut_cerda_color-150x27.png 150w, https:\/\/pampliegaassociats.com\/wp-content\/uploads\/2019\/02\/logo_institut_cerda_color-300x55.png 300w\" sizes=\"auto, (max-width: 307px) 100vw, 307px\" \/><\/a><\/figure>\n\n\n\n<p>Fundaci\u00f3n con 40 a\u00f1os de experiencia en gesti\u00f3n de crisis, log\u00edstica, infraestructuras, energ\u00eda, RSC&#8230;<\/p>\n\n\n\n<div style=\"height:29px\" aria-hidden=\"true\" class=\"wp-block-spacer\"><\/div>\n\n\n\n<figure class=\"wp-block-image size-full is-resized box_logo\"><a href=\"https:\/\/www.anthesisgroup.com\/es\/\" target=\"_blank\" rel=\"noreferrer noopener\"><img loading=\"lazy\" decoding=\"async\" src=\"https:\/\/pampliegaassociats.com\/wp-content\/uploads\/2021\/12\/Logo-Anthesis-Lavola.png\" alt=\"Anthesis Lavola\" class=\"wp-image-2412\" width=\"318\" height=\"40\" srcset=\"https:\/\/pampliegaassociats.com\/wp-content\/uploads\/2021\/12\/Logo-Anthesis-Lavola.png 636w, https:\/\/pampliegaassociats.com\/wp-content\/uploads\/2021\/12\/Logo-Anthesis-Lavola-300x38.png 300w, https:\/\/pampliegaassociats.com\/wp-content\/uploads\/2021\/12\/Logo-Anthesis-Lavola-150x19.png 150w, https:\/\/pampliegaassociats.com\/wp-content\/uploads\/2021\/12\/Logo-Anthesis-Lavola-200x25.png 200w\" sizes=\"auto, (max-width: 318px) 100vw, 318px\" \/><\/a><\/figure>\n\n\n\n<p>Consultor\u00eda especialitzada en sostenibilidad con m\u00e1s de 600 proyectos<\/p>\n\n\n\n<div style=\"height:29px\" aria-hidden=\"true\" class=\"wp-block-spacer\"><\/div>\n\n\n\n<figure class=\"wp-block-image box_logo\"><a href=\"http:\/\/www.posicionamiento.ws\/\" target=\"_blank\" rel=\"noreferrer noopener\"><img loading=\"lazy\" decoding=\"async\" width=\"306\" height=\"89\" src=\"https:\/\/pampliegaassociats.com\/wp-content\/uploads\/2019\/02\/logo_positioningpionners_color.png\" alt=\"positioningpionners\" class=\"wp-image-262\" srcset=\"https:\/\/pampliegaassociats.com\/wp-content\/uploads\/2019\/02\/logo_positioningpionners_color.png 306w, https:\/\/pampliegaassociats.com\/wp-content\/uploads\/2019\/02\/logo_positioningpionners_color-150x44.png 150w, https:\/\/pampliegaassociats.com\/wp-content\/uploads\/2019\/02\/logo_positioningpionners_color-300x87.png 300w\" sizes=\"auto, (max-width: 306px) 100vw, 306px\" \/><\/a><\/figure>\n\n\n\n<p>Agencia de branding y de dise\u00f1o gr\u00e1fico<\/p>\n<\/div><\/div>\n<\/div>\n<\/div>\n\n\n\n<p><\/p>\n","protected":false},"excerpt":{"rendered":"<p>Alianzas estrat\u00e9gicas Contamos con empresas asociadas con reconocido expertise en comunicaci\u00f3n corporativa y reputaci\u00f3n, branding, sostenibilidad, an\u00e1lisis de crisis sectoriales, innovaci\u00f3n, coaching, entre otras, para garantizar soluciones \u00f3ptimas para nuestros clientes.<\/p>\n","protected":false},"author":1,"featured_media":0,"parent":0,"menu_order":0,"comment_status":"closed","ping_status":"closed","template":"","meta":{"footnotes":""},"class_list":["post-507","page","type-page","status-publish","hentry","entry"],"yoast_head":"<!-- This site is optimized with the Yoast SEO plugin v26.7 - https:\/\/yoast.com\/wordpress\/plugins\/seo\/ -->\n<title>Alianzas estrat\u00e9gicas - Pampliega &amp; Associats<\/title>\n<meta name=\"robots\" content=\"index, follow, max-snippet:-1, max-image-preview:large, max-video-preview:-1\" \/>\n<link rel=\"canonical\" href=\"https:\/\/pampliegaassociats.com\/es\/alianzas-estrategicas\/\" \/>\n<meta property=\"og:locale\" content=\"es_ES\" \/>\n<meta property=\"og:type\" content=\"article\" \/>\n<meta property=\"og:title\" content=\"Alianzas estrat\u00e9gicas - Pampliega &amp; Associats\" \/>\n<meta property=\"og:description\" content=\"Alianzas estrat\u00e9gicas Contamos con empresas asociadas con reconocido expertise en comunicaci\u00f3n corporativa y reputaci\u00f3n, branding, sostenibilidad, an\u00e1lisis de crisis sectoriales, innovaci\u00f3n, coaching, entre otras, para garantizar soluciones \u00f3ptimas para nuestros clientes.\" \/>\n<meta property=\"og:url\" content=\"https:\/\/pampliegaassociats.com\/es\/alianzas-estrategicas\/\" \/>\n<meta property=\"og:site_name\" content=\"Pampliega &amp; Associats\" \/>\n<meta property=\"article:modified_time\" content=\"2023-02-28T15:04:16+00:00\" \/>\n<meta property=\"og:image\" content=\"https:\/\/pampliegaassociats.com\/wp-content\/uploads\/2019\/02\/img_alianzas.jpg\" \/>\n<meta name=\"twitter:card\" content=\"summary_large_image\" \/>\n<meta name=\"twitter:label1\" content=\"Tiempo de lectura\" \/>\n\t<meta name=\"twitter:data1\" content=\"2 minutos\" \/>\n<script type=\"application\/ld+json\" class=\"yoast-schema-graph\">{\"@context\":\"https:\/\/schema.org\",\"@graph\":[{\"@type\":\"WebPage\",\"@id\":\"https:\/\/pampliegaassociats.com\/es\/alianzas-estrategicas\/\",\"url\":\"https:\/\/pampliegaassociats.com\/es\/alianzas-estrategicas\/\",\"name\":\"Alianzas estrat\u00e9gicas - Pampliega &amp; Associats\",\"isPartOf\":{\"@id\":\"https:\/\/pampliegaassociats.com\/#website\"},\"primaryImageOfPage\":{\"@id\":\"https:\/\/pampliegaassociats.com\/es\/alianzas-estrategicas\/#primaryimage\"},\"image\":{\"@id\":\"https:\/\/pampliegaassociats.com\/es\/alianzas-estrategicas\/#primaryimage\"},\"thumbnailUrl\":\"https:\/\/pampliegaassociats.com\/wp-content\/uploads\/2019\/02\/img_alianzas.jpg\",\"datePublished\":\"2019-04-26T15:05:15+00:00\",\"dateModified\":\"2023-02-28T15:04:16+00:00\",\"breadcrumb\":{\"@id\":\"https:\/\/pampliegaassociats.com\/es\/alianzas-estrategicas\/#breadcrumb\"},\"inLanguage\":\"es\",\"potentialAction\":[{\"@type\":\"ReadAction\",\"target\":[\"https:\/\/pampliegaassociats.com\/es\/alianzas-estrategicas\/\"]}]},{\"@type\":\"ImageObject\",\"inLanguage\":\"es\",\"@id\":\"https:\/\/pampliegaassociats.com\/es\/alianzas-estrategicas\/#primaryimage\",\"url\":\"https:\/\/pampliegaassociats.com\/wp-content\/uploads\/2019\/02\/img_alianzas.jpg\",\"contentUrl\":\"https:\/\/pampliegaassociats.com\/wp-content\/uploads\/2019\/02\/img_alianzas.jpg\"},{\"@type\":\"BreadcrumbList\",\"@id\":\"https:\/\/pampliegaassociats.com\/es\/alianzas-estrategicas\/#breadcrumb\",\"itemListElement\":[{\"@type\":\"ListItem\",\"position\":1,\"name\":\"Portada\",\"item\":\"https:\/\/pampliegaassociats.com\/es\/\"},{\"@type\":\"ListItem\",\"position\":2,\"name\":\"Alianzas estrat\u00e9gicas\"}]},{\"@type\":\"WebSite\",\"@id\":\"https:\/\/pampliegaassociats.com\/#website\",\"url\":\"https:\/\/pampliegaassociats.com\/\",\"name\":\"Pampliega &amp; Associats\",\"description\":\"Comunicaci\u00f3 Estrat\u00e8gica Reputaci\u00f3 i Gesti\u00f3 de crisi\",\"publisher\":{\"@id\":\"https:\/\/pampliegaassociats.com\/#organization\"},\"potentialAction\":[{\"@type\":\"SearchAction\",\"target\":{\"@type\":\"EntryPoint\",\"urlTemplate\":\"https:\/\/pampliegaassociats.com\/?s={search_term_string}\"},\"query-input\":{\"@type\":\"PropertyValueSpecification\",\"valueRequired\":true,\"valueName\":\"search_term_string\"}}],\"inLanguage\":\"es\"},{\"@type\":\"Organization\",\"@id\":\"https:\/\/pampliegaassociats.com\/#organization\",\"name\":\"Pampliega & Associats\",\"url\":\"https:\/\/pampliegaassociats.com\/\",\"logo\":{\"@type\":\"ImageObject\",\"inLanguage\":\"es\",\"@id\":\"https:\/\/pampliegaassociats.com\/#\/schema\/logo\/image\/\",\"url\":\"https:\/\/pampliegaassociats.com\/wp-content\/uploads\/2019\/02\/logo_pampliega_associats.png\",\"contentUrl\":\"https:\/\/pampliegaassociats.com\/wp-content\/uploads\/2019\/02\/logo_pampliega_associats.png\",\"width\":220,\"height\":110,\"caption\":\"Pampliega & Associats\"},\"image\":{\"@id\":\"https:\/\/pampliegaassociats.com\/#\/schema\/logo\/image\/\"}}]}<\/script>\n<!-- \/ Yoast SEO plugin. -->","yoast_head_json":{"title":"Alianzas estrat\u00e9gicas - Pampliega &amp; Associats","robots":{"index":"index","follow":"follow","max-snippet":"max-snippet:-1","max-image-preview":"max-image-preview:large","max-video-preview":"max-video-preview:-1"},"canonical":"https:\/\/pampliegaassociats.com\/es\/alianzas-estrategicas\/","og_locale":"es_ES","og_type":"article","og_title":"Alianzas estrat\u00e9gicas - Pampliega &amp; Associats","og_description":"Alianzas estrat\u00e9gicas Contamos con empresas asociadas con reconocido expertise en comunicaci\u00f3n corporativa y reputaci\u00f3n, branding, sostenibilidad, an\u00e1lisis de crisis sectoriales, innovaci\u00f3n, coaching, entre otras, para garantizar soluciones \u00f3ptimas para nuestros clientes.","og_url":"https:\/\/pampliegaassociats.com\/es\/alianzas-estrategicas\/","og_site_name":"Pampliega &amp; Associats","article_modified_time":"2023-02-28T15:04:16+00:00","og_image":[{"url":"https:\/\/pampliegaassociats.com\/wp-content\/uploads\/2019\/02\/img_alianzas.jpg","type":"","width":"","height":""}],"twitter_card":"summary_large_image","twitter_misc":{"Tiempo de lectura":"2 minutos"},"schema":{"@context":"https:\/\/schema.org","@graph":[{"@type":"WebPage","@id":"https:\/\/pampliegaassociats.com\/es\/alianzas-estrategicas\/","url":"https:\/\/pampliegaassociats.com\/es\/alianzas-estrategicas\/","name":"Alianzas estrat\u00e9gicas - Pampliega &amp; Associats","isPartOf":{"@id":"https:\/\/pampliegaassociats.com\/#website"},"primaryImageOfPage":{"@id":"https:\/\/pampliegaassociats.com\/es\/alianzas-estrategicas\/#primaryimage"},"image":{"@id":"https:\/\/pampliegaassociats.com\/es\/alianzas-estrategicas\/#primaryimage"},"thumbnailUrl":"https:\/\/pampliegaassociats.com\/wp-content\/uploads\/2019\/02\/img_alianzas.jpg","datePublished":"2019-04-26T15:05:15+00:00","dateModified":"2023-02-28T15:04:16+00:00","breadcrumb":{"@id":"https:\/\/pampliegaassociats.com\/es\/alianzas-estrategicas\/#breadcrumb"},"inLanguage":"es","potentialAction":[{"@type":"ReadAction","target":["https:\/\/pampliegaassociats.com\/es\/alianzas-estrategicas\/"]}]},{"@type":"ImageObject","inLanguage":"es","@id":"https:\/\/pampliegaassociats.com\/es\/alianzas-estrategicas\/#primaryimage","url":"https:\/\/pampliegaassociats.com\/wp-content\/uploads\/2019\/02\/img_alianzas.jpg","contentUrl":"https:\/\/pampliegaassociats.com\/wp-content\/uploads\/2019\/02\/img_alianzas.jpg"},{"@type":"BreadcrumbList","@id":"https:\/\/pampliegaassociats.com\/es\/alianzas-estrategicas\/#breadcrumb","itemListElement":[{"@type":"ListItem","position":1,"name":"Portada","item":"https:\/\/pampliegaassociats.com\/es\/"},{"@type":"ListItem","position":2,"name":"Alianzas estrat\u00e9gicas"}]},{"@type":"WebSite","@id":"https:\/\/pampliegaassociats.com\/#website","url":"https:\/\/pampliegaassociats.com\/","name":"Pampliega &amp; Associats","description":"Comunicaci\u00f3 Estrat\u00e8gica Reputaci\u00f3 i Gesti\u00f3 de crisi","publisher":{"@id":"https:\/\/pampliegaassociats.com\/#organization"},"potentialAction":[{"@type":"SearchAction","target":{"@type":"EntryPoint","urlTemplate":"https:\/\/pampliegaassociats.com\/?s={search_term_string}"},"query-input":{"@type":"PropertyValueSpecification","valueRequired":true,"valueName":"search_term_string"}}],"inLanguage":"es"},{"@type":"Organization","@id":"https:\/\/pampliegaassociats.com\/#organization","name":"Pampliega & Associats","url":"https:\/\/pampliegaassociats.com\/","logo":{"@type":"ImageObject","inLanguage":"es","@id":"https:\/\/pampliegaassociats.com\/#\/schema\/logo\/image\/","url":"https:\/\/pampliegaassociats.com\/wp-content\/uploads\/2019\/02\/logo_pampliega_associats.png","contentUrl":"https:\/\/pampliegaassociats.com\/wp-content\/uploads\/2019\/02\/logo_pampliega_associats.png","width":220,"height":110,"caption":"Pampliega & Associats"},"image":{"@id":"https:\/\/pampliegaassociats.com\/#\/schema\/logo\/image\/"}}]}},"featured_image_src":null,"featured_image_src_square":null,"_links":{"self":[{"href":"https:\/\/pampliegaassociats.com\/es\/wp-json\/wp\/v2\/pages\/507","targetHints":{"allow":["GET"]}}],"collection":[{"href":"https:\/\/pampliegaassociats.com\/es\/wp-json\/wp\/v2\/pages"}],"about":[{"href":"https:\/\/pampliegaassociats.com\/es\/wp-json\/wp\/v2\/types\/page"}],"author":[{"embeddable":true,"href":"https:\/\/pampliegaassociats.com\/es\/wp-json\/wp\/v2\/users\/1"}],"replies":[{"embeddable":true,"href":"https:\/\/pampliegaassociats.com\/es\/wp-json\/wp\/v2\/comments?post=507"}],"version-history":[{"count":10,"href":"https:\/\/pampliegaassociats.com\/es\/wp-json\/wp\/v2\/pages\/507\/revisions"}],"predecessor-version":[{"id":5272,"href":"https:\/\/pampliegaassociats.com\/es\/wp-json\/wp\/v2\/pages\/507\/revisions\/5272"}],"wp:attachment":[{"href":"https:\/\/pampliegaassociats.com\/es\/wp-json\/wp\/v2\/media?parent=507"}],"curies":[{"name":"wp","href":"https:\/\/api.w.org\/{rel}","templated":true}]}}