{"id":503,"date":"2019-04-26T17:00:59","date_gmt":"2019-04-26T15:00:59","guid":{"rendered":"https:\/\/pampliegaassociats.com\/?page_id=503"},"modified":"2024-07-04T10:45:15","modified_gmt":"2024-07-04T08:45:15","slug":"project-managing-services","status":"publish","type":"page","link":"https:\/\/pampliegaassociats.com\/es\/project-managing-services\/","title":{"rendered":"Project Managing Services"},"content":{"rendered":"\n<div class=\"wp-block-columns alignwide has-3-columns column_inside_01 is-layout-flex wp-container-core-columns-is-layout-9d6595d7 wp-block-columns-is-layout-flex\">\n<div class=\"wp-block-column is-layout-flow wp-block-column-is-layout-flow\">\n<div class=\"wp-block-ga-block-animation-block\"><div style=\"z-index:1\" class=\"gutenberg-animate-block animated hide-before no-delay slow\" data-in=\"fadeIn\" data-reset=\"false\" data-emergence=\"hidden\">\n<figure class=\"wp-block-image\"><img loading=\"lazy\" decoding=\"async\" width=\"239\" height=\"456\" src=\"https:\/\/pampliegaassociats.com\/wp-content\/uploads\/2019\/02\/img_inside_projectmanagingservices.jpg\" alt=\"Project Managing Services\" class=\"wp-image-232\" srcset=\"https:\/\/pampliegaassociats.com\/wp-content\/uploads\/2019\/02\/img_inside_projectmanagingservices.jpg 239w, https:\/\/pampliegaassociats.com\/wp-content\/uploads\/2019\/02\/img_inside_projectmanagingservices-79x150.jpg 79w, https:\/\/pampliegaassociats.com\/wp-content\/uploads\/2019\/02\/img_inside_projectmanagingservices-157x300.jpg 157w\" sizes=\"auto, (max-width: 239px) 100vw, 239px\" \/><\/figure>\n<\/div><\/div>\n<\/div>\n\n\n\n<div class=\"wp-block-column is-layout-flow wp-block-column-is-layout-flow\">\n<h1 class=\"wp-block-heading title_inside_04\"><strong>Project Managing<\/strong> Services<\/h1>\n\n\n\n<p class=\"summary_page_inside\">Coordinaci\u00f3n y\/o ejecuci\u00f3n integral de proyectos de comunicaci\u00f3n  <em>ad hoc<\/em>.<\/p>\n\n\n\n<p>Asumimos la externalizaci\u00f3n de proyectos para nuestros clientes. Definici\u00f3n conceptual del proyecto, negociaci\u00f3n con los proveedores, seguimiento presupuestario y coordinaci\u00f3n global del proyecto.<\/p>\n\n\n\n<h2 class=\"wp-block-heading\"><strong>Servicios:<\/strong><\/h2>\n\n\n\n<p><strong>Coordinaci\u00f3n y ejecuci\u00f3n de proyectos:<\/strong><\/p>\n\n\n\n<ul class=\"list_box wp-block-list\">\n<li>Gesti\u00f3n integral de proyectos <em>ad hoc<\/em><\/li>\n\n\n\n<li>Servicios de gabinete de comunicaci\u00f3n<\/li>\n\n\n\n<li>Plan de comunicaci\u00f3n global o de proyecto<\/li>\n\n\n\n<li> Campa\u00f1as corporativas o de proyecto<\/li>\n\n\n\n<li>Auditor\u00eda comunicacional<\/li>\n\n\n\n<li>Creaci\u00f3n de canales<\/li>\n\n\n\n<li>Publicaciones<\/li>\n\n\n\n<li>Etc.<\/li>\n<\/ul>\n<\/div>\n\n\n\n<div class=\"wp-block-column inside_sidebar is-layout-flow wp-block-column-is-layout-flow\">\n<h4 class=\"wp-block-heading\">Servicios<\/h4>\n\n\n<ul id=\"menu-servicios\" class=\"menu serveis_menu\"><li id=\"menu-item-549\" class=\"menu-item menu-item-type-post_type menu-item-object-page menu-item-549\"><a href=\"https:\/\/pampliegaassociats.com\/es\/consultoria-en-comunicacion-estrategica\/\">Consultor\u00eda en  Comunicaci\u00f3n estrat\u00e9gica<\/a><\/li>\n<li id=\"menu-item-548\" class=\"menu-item menu-item-type-post_type menu-item-object-page menu-item-548\"><a href=\"https:\/\/pampliegaassociats.com\/es\/asesoramiento-en-reputacion-corporativa\/\">Asesoramiento en Reputaci\u00f3n corporativa<\/a><\/li>\n<li id=\"menu-item-550\" class=\"menu-item menu-item-type-post_type menu-item-object-page menu-item-550\"><a href=\"https:\/\/pampliegaassociats.com\/es\/gestion-de-crisi\/\">Gesti\u00f3n de crisi<\/a><\/li>\n<li id=\"menu-item-4516\" class=\"menu-item menu-item-type-post_type menu-item-object-page menu-item-4516\"><a href=\"https:\/\/pampliegaassociats.com\/es\/formacion-de-portavoces\/\">Formaci\u00f3n de Portavoces<\/a><\/li>\n<li id=\"menu-item-551\" class=\"menu-item menu-item-type-post_type menu-item-object-page menu-item-551\"><a href=\"https:\/\/pampliegaassociats.com\/es\/project-managing-services\/\">Project Managing Services<\/a><\/li>\n<li id=\"menu-item-4515\" class=\"menu-item menu-item-type-post_type menu-item-object-page menu-item-4515\"><a href=\"https:\/\/pampliegaassociats.com\/es\/marca-y-posicionamiento-estrategico\/\">Marca y Posicionamiento estrat\u00e9gico<\/a><\/li>\n<\/ul>\n<\/div>\n<\/div>\n","protected":false},"excerpt":{"rendered":"<p>Project Managing Services Coordinaci\u00f3n y\/o ejecuci\u00f3n integral de proyectos de comunicaci\u00f3n ad hoc. Asumimos la externalizaci\u00f3n de proyectos para nuestros clientes. Definici\u00f3n conceptual del proyecto, negociaci\u00f3n con los proveedores, seguimiento presupuestario y coordinaci\u00f3n global del proyecto. Servicios: Coordinaci\u00f3n y ejecuci\u00f3n de proyectos: Servicios<\/p>\n","protected":false},"author":1,"featured_media":0,"parent":0,"menu_order":0,"comment_status":"closed","ping_status":"closed","template":"","meta":{"footnotes":""},"class_list":["post-503","page","type-page","status-publish","hentry","entry"],"yoast_head":"<!-- This site is optimized with the Yoast SEO plugin v26.7 - https:\/\/yoast.com\/wordpress\/plugins\/seo\/ -->\n<title>Project Managing Services - Pampliega &amp; Associats<\/title>\n<meta name=\"robots\" content=\"index, follow, max-snippet:-1, max-image-preview:large, max-video-preview:-1\" \/>\n<link rel=\"canonical\" href=\"https:\/\/pampliegaassociats.com\/es\/project-managing-services\/\" \/>\n<meta property=\"og:locale\" content=\"es_ES\" \/>\n<meta property=\"og:type\" content=\"article\" \/>\n<meta property=\"og:title\" content=\"Project Managing Services - Pampliega &amp; Associats\" \/>\n<meta property=\"og:description\" content=\"Project Managing Services Coordinaci\u00f3n y\/o ejecuci\u00f3n integral de proyectos de comunicaci\u00f3n ad hoc. Asumimos la externalizaci\u00f3n de proyectos para nuestros clientes. Definici\u00f3n conceptual del proyecto, negociaci\u00f3n con los proveedores, seguimiento presupuestario y coordinaci\u00f3n global del proyecto. Servicios: Coordinaci\u00f3n y ejecuci\u00f3n de proyectos: Servicios\" \/>\n<meta property=\"og:url\" content=\"https:\/\/pampliegaassociats.com\/es\/project-managing-services\/\" \/>\n<meta property=\"og:site_name\" content=\"Pampliega &amp; Associats\" \/>\n<meta property=\"article:modified_time\" content=\"2024-07-04T08:45:15+00:00\" \/>\n<meta property=\"og:image\" content=\"https:\/\/pampliegaassociats.com\/wp-content\/uploads\/2019\/02\/img_inside_projectmanagingservices.jpg\" \/>\n<meta name=\"twitter:card\" content=\"summary_large_image\" \/>\n<meta name=\"twitter:label1\" content=\"Tiempo de lectura\" \/>\n\t<meta name=\"twitter:data1\" content=\"2 minutos\" \/>\n<script type=\"application\/ld+json\" class=\"yoast-schema-graph\">{\"@context\":\"https:\/\/schema.org\",\"@graph\":[{\"@type\":\"WebPage\",\"@id\":\"https:\/\/pampliegaassociats.com\/es\/project-managing-services\/\",\"url\":\"https:\/\/pampliegaassociats.com\/es\/project-managing-services\/\",\"name\":\"Project Managing Services - Pampliega &amp; Associats\",\"isPartOf\":{\"@id\":\"https:\/\/pampliegaassociats.com\/#website\"},\"primaryImageOfPage\":{\"@id\":\"https:\/\/pampliegaassociats.com\/es\/project-managing-services\/#primaryimage\"},\"image\":{\"@id\":\"https:\/\/pampliegaassociats.com\/es\/project-managing-services\/#primaryimage\"},\"thumbnailUrl\":\"https:\/\/pampliegaassociats.com\/wp-content\/uploads\/2019\/02\/img_inside_projectmanagingservices.jpg\",\"datePublished\":\"2019-04-26T15:00:59+00:00\",\"dateModified\":\"2024-07-04T08:45:15+00:00\",\"breadcrumb\":{\"@id\":\"https:\/\/pampliegaassociats.com\/es\/project-managing-services\/#breadcrumb\"},\"inLanguage\":\"es\",\"potentialAction\":[{\"@type\":\"ReadAction\",\"target\":[\"https:\/\/pampliegaassociats.com\/es\/project-managing-services\/\"]}]},{\"@type\":\"ImageObject\",\"inLanguage\":\"es\",\"@id\":\"https:\/\/pampliegaassociats.com\/es\/project-managing-services\/#primaryimage\",\"url\":\"https:\/\/pampliegaassociats.com\/wp-content\/uploads\/2019\/02\/img_inside_projectmanagingservices.jpg\",\"contentUrl\":\"https:\/\/pampliegaassociats.com\/wp-content\/uploads\/2019\/02\/img_inside_projectmanagingservices.jpg\"},{\"@type\":\"BreadcrumbList\",\"@id\":\"https:\/\/pampliegaassociats.com\/es\/project-managing-services\/#breadcrumb\",\"itemListElement\":[{\"@type\":\"ListItem\",\"position\":1,\"name\":\"Portada\",\"item\":\"https:\/\/pampliegaassociats.com\/es\/\"},{\"@type\":\"ListItem\",\"position\":2,\"name\":\"Project Managing Services\"}]},{\"@type\":\"WebSite\",\"@id\":\"https:\/\/pampliegaassociats.com\/#website\",\"url\":\"https:\/\/pampliegaassociats.com\/\",\"name\":\"Pampliega &amp; Associats\",\"description\":\"Comunicaci\u00f3 Estrat\u00e8gica Reputaci\u00f3 i Gesti\u00f3 de crisi\",\"publisher\":{\"@id\":\"https:\/\/pampliegaassociats.com\/#organization\"},\"potentialAction\":[{\"@type\":\"SearchAction\",\"target\":{\"@type\":\"EntryPoint\",\"urlTemplate\":\"https:\/\/pampliegaassociats.com\/?s={search_term_string}\"},\"query-input\":{\"@type\":\"PropertyValueSpecification\",\"valueRequired\":true,\"valueName\":\"search_term_string\"}}],\"inLanguage\":\"es\"},{\"@type\":\"Organization\",\"@id\":\"https:\/\/pampliegaassociats.com\/#organization\",\"name\":\"Pampliega & Associats\",\"url\":\"https:\/\/pampliegaassociats.com\/\",\"logo\":{\"@type\":\"ImageObject\",\"inLanguage\":\"es\",\"@id\":\"https:\/\/pampliegaassociats.com\/#\/schema\/logo\/image\/\",\"url\":\"https:\/\/pampliegaassociats.com\/wp-content\/uploads\/2019\/02\/logo_pampliega_associats.png\",\"contentUrl\":\"https:\/\/pampliegaassociats.com\/wp-content\/uploads\/2019\/02\/logo_pampliega_associats.png\",\"width\":220,\"height\":110,\"caption\":\"Pampliega & Associats\"},\"image\":{\"@id\":\"https:\/\/pampliegaassociats.com\/#\/schema\/logo\/image\/\"}}]}<\/script>\n<!-- \/ Yoast SEO plugin. -->","yoast_head_json":{"title":"Project Managing Services - Pampliega &amp; Associats","robots":{"index":"index","follow":"follow","max-snippet":"max-snippet:-1","max-image-preview":"max-image-preview:large","max-video-preview":"max-video-preview:-1"},"canonical":"https:\/\/pampliegaassociats.com\/es\/project-managing-services\/","og_locale":"es_ES","og_type":"article","og_title":"Project Managing Services - Pampliega &amp; Associats","og_description":"Project Managing Services Coordinaci\u00f3n y\/o ejecuci\u00f3n integral de proyectos de comunicaci\u00f3n ad hoc. Asumimos la externalizaci\u00f3n de proyectos para nuestros clientes. Definici\u00f3n conceptual del proyecto, negociaci\u00f3n con los proveedores, seguimiento presupuestario y coordinaci\u00f3n global del proyecto. Servicios: Coordinaci\u00f3n y ejecuci\u00f3n de proyectos: Servicios","og_url":"https:\/\/pampliegaassociats.com\/es\/project-managing-services\/","og_site_name":"Pampliega &amp; Associats","article_modified_time":"2024-07-04T08:45:15+00:00","og_image":[{"url":"https:\/\/pampliegaassociats.com\/wp-content\/uploads\/2019\/02\/img_inside_projectmanagingservices.jpg","type":"","width":"","height":""}],"twitter_card":"summary_large_image","twitter_misc":{"Tiempo de lectura":"2 minutos"},"schema":{"@context":"https:\/\/schema.org","@graph":[{"@type":"WebPage","@id":"https:\/\/pampliegaassociats.com\/es\/project-managing-services\/","url":"https:\/\/pampliegaassociats.com\/es\/project-managing-services\/","name":"Project Managing Services - Pampliega &amp; Associats","isPartOf":{"@id":"https:\/\/pampliegaassociats.com\/#website"},"primaryImageOfPage":{"@id":"https:\/\/pampliegaassociats.com\/es\/project-managing-services\/#primaryimage"},"image":{"@id":"https:\/\/pampliegaassociats.com\/es\/project-managing-services\/#primaryimage"},"thumbnailUrl":"https:\/\/pampliegaassociats.com\/wp-content\/uploads\/2019\/02\/img_inside_projectmanagingservices.jpg","datePublished":"2019-04-26T15:00:59+00:00","dateModified":"2024-07-04T08:45:15+00:00","breadcrumb":{"@id":"https:\/\/pampliegaassociats.com\/es\/project-managing-services\/#breadcrumb"},"inLanguage":"es","potentialAction":[{"@type":"ReadAction","target":["https:\/\/pampliegaassociats.com\/es\/project-managing-services\/"]}]},{"@type":"ImageObject","inLanguage":"es","@id":"https:\/\/pampliegaassociats.com\/es\/project-managing-services\/#primaryimage","url":"https:\/\/pampliegaassociats.com\/wp-content\/uploads\/2019\/02\/img_inside_projectmanagingservices.jpg","contentUrl":"https:\/\/pampliegaassociats.com\/wp-content\/uploads\/2019\/02\/img_inside_projectmanagingservices.jpg"},{"@type":"BreadcrumbList","@id":"https:\/\/pampliegaassociats.com\/es\/project-managing-services\/#breadcrumb","itemListElement":[{"@type":"ListItem","position":1,"name":"Portada","item":"https:\/\/pampliegaassociats.com\/es\/"},{"@type":"ListItem","position":2,"name":"Project Managing Services"}]},{"@type":"WebSite","@id":"https:\/\/pampliegaassociats.com\/#website","url":"https:\/\/pampliegaassociats.com\/","name":"Pampliega &amp; Associats","description":"Comunicaci\u00f3 Estrat\u00e8gica Reputaci\u00f3 i Gesti\u00f3 de crisi","publisher":{"@id":"https:\/\/pampliegaassociats.com\/#organization"},"potentialAction":[{"@type":"SearchAction","target":{"@type":"EntryPoint","urlTemplate":"https:\/\/pampliegaassociats.com\/?s={search_term_string}"},"query-input":{"@type":"PropertyValueSpecification","valueRequired":true,"valueName":"search_term_string"}}],"inLanguage":"es"},{"@type":"Organization","@id":"https:\/\/pampliegaassociats.com\/#organization","name":"Pampliega & Associats","url":"https:\/\/pampliegaassociats.com\/","logo":{"@type":"ImageObject","inLanguage":"es","@id":"https:\/\/pampliegaassociats.com\/#\/schema\/logo\/image\/","url":"https:\/\/pampliegaassociats.com\/wp-content\/uploads\/2019\/02\/logo_pampliega_associats.png","contentUrl":"https:\/\/pampliegaassociats.com\/wp-content\/uploads\/2019\/02\/logo_pampliega_associats.png","width":220,"height":110,"caption":"Pampliega & Associats"},"image":{"@id":"https:\/\/pampliegaassociats.com\/#\/schema\/logo\/image\/"}}]}},"featured_image_src":null,"featured_image_src_square":null,"_links":{"self":[{"href":"https:\/\/pampliegaassociats.com\/es\/wp-json\/wp\/v2\/pages\/503","targetHints":{"allow":["GET"]}}],"collection":[{"href":"https:\/\/pampliegaassociats.com\/es\/wp-json\/wp\/v2\/pages"}],"about":[{"href":"https:\/\/pampliegaassociats.com\/es\/wp-json\/wp\/v2\/types\/page"}],"author":[{"embeddable":true,"href":"https:\/\/pampliegaassociats.com\/es\/wp-json\/wp\/v2\/users\/1"}],"replies":[{"embeddable":true,"href":"https:\/\/pampliegaassociats.com\/es\/wp-json\/wp\/v2\/comments?post=503"}],"version-history":[{"count":3,"href":"https:\/\/pampliegaassociats.com\/es\/wp-json\/wp\/v2\/pages\/503\/revisions"}],"predecessor-version":[{"id":6563,"href":"https:\/\/pampliegaassociats.com\/es\/wp-json\/wp\/v2\/pages\/503\/revisions\/6563"}],"wp:attachment":[{"href":"https:\/\/pampliegaassociats.com\/es\/wp-json\/wp\/v2\/media?parent=503"}],"curies":[{"name":"wp","href":"https:\/\/api.w.org\/{rel}","templated":true}]}}