{"id":493,"date":"2019-04-26T16:50:52","date_gmt":"2019-04-26T14:50:52","guid":{"rendered":"https:\/\/pampliegaassociats.com\/?page_id=493"},"modified":"2024-07-04T10:44:26","modified_gmt":"2024-07-04T08:44:26","slug":"asesoramiento-en-reputacion-corporativa","status":"publish","type":"page","link":"https:\/\/pampliegaassociats.com\/es\/asesoramiento-en-reputacion-corporativa\/","title":{"rendered":"Asesoramiento en Reputaci\u00f3n corporativa"},"content":{"rendered":"\n<div class=\"wp-block-columns alignwide has-3-columns column_inside_01 is-layout-flex wp-container-core-columns-is-layout-9d6595d7 wp-block-columns-is-layout-flex\">\n<div class=\"wp-block-column is-layout-flow wp-block-column-is-layout-flow\">\n<div class=\"wp-block-ga-block-animation-block\"><div style=\"z-index:1\" class=\"gutenberg-animate-block animated hide-before no-delay slow\" data-in=\"fadeIn\" data-reset=\"false\" data-emergence=\"hidden\">\n<figure class=\"wp-block-image\"><img loading=\"lazy\" decoding=\"async\" width=\"239\" height=\"456\" src=\"https:\/\/pampliegaassociats.com\/wp-content\/uploads\/2019\/02\/img_inside_reputacio_corp.jpg\" alt=\"Assessorament en \u2028Reputaci\u00f3 corporativa\" class=\"wp-image-234\" srcset=\"https:\/\/pampliegaassociats.com\/wp-content\/uploads\/2019\/02\/img_inside_reputacio_corp.jpg 239w, https:\/\/pampliegaassociats.com\/wp-content\/uploads\/2019\/02\/img_inside_reputacio_corp-79x150.jpg 79w, https:\/\/pampliegaassociats.com\/wp-content\/uploads\/2019\/02\/img_inside_reputacio_corp-157x300.jpg 157w\" sizes=\"auto, (max-width: 239px) 100vw, 239px\" \/><\/figure>\n<\/div><\/div>\n<\/div>\n\n\n\n<div class=\"wp-block-column is-layout-flow wp-block-column-is-layout-flow\">\n<h1 class=\"wp-block-heading title_inside_02\"><strong>Asesoramiento en<\/strong> Reputaci\u00f3n corporativa<\/h1>\n\n\n\n<p class=\"summary_page_inside\">\u201cVelamos por la reputaci\u00f3n de nuestros clientes\u201d. <br>Rigor. Coherencia. Integridad. Confidencialidad.<\/p>\n\n\n\n<p>Comprender la visi\u00f3n de la organizaci\u00f3n, su actividad y los riesgos y las oportunidades que le presenta el entorno inmediato nos permite gestionar la reputaci\u00f3n desde una perspectiva global para ganar en: <\/p>\n\n\n\n<ul class=\"list_box wp-block-list\">\n<li>Notoriedad<\/li>\n\n\n\n<li>Transcendencia social<\/li>\n<\/ul>\n\n\n\n<p><strong>La reputaci\u00f3n es la que nos otorga la percepci\u00f3n de la opini\u00f3n p\u00fablica y la de los p\u00fablicos de inter\u00e9s.<\/strong><\/p>\n\n\n\n<p>Su fragilidad es un riesgo en s\u00ed misma. Una reputaci\u00f3n se construye durante d\u00e9cadas y se puede perder en un solo minuto.<\/p>\n\n\n\n<p class=\"box_destacado\"><strong>Trabajamos para hacer empresas m\u00e1s sostenibles y resilientes con un modelo de valor orientado a la reputaci\u00f3n, con el fin de garantizar la perdurabilidad del negocio. <\/strong><\/p>\n\n\n\n<h2 class=\"wp-block-heading\"><strong>Servicios:<\/strong><\/h2>\n\n\n\n<p><strong>Plan de reputaci\u00f3n.<\/strong><\/p>\n\n\n\n<p>Activaci\u00f3n de las siguientes palancas para mejorar la percepci\u00f3n del conjunto de los  <em>stakeholders<\/em>:<\/p>\n\n\n\n<ul class=\"list_box wp-block-list\">\n<li>\u00c9tica y buen gobierno<\/li>\n\n\n\n<li>Valores de marca y Cultura interna<\/li>\n\n\n\n<li>Gesti\u00f3n de la opini\u00f3n p\u00fablica <\/li>\n\n\n\n<li>Programas de Responsabilidad Social<\/li>\n\n\n\n<li>Gesti\u00f3n de riesgos reputacionales<\/li>\n\n\n\n<li>Programas de Relaciones Institucionales<\/li>\n\n\n\n<li>Calidad e innovaci\u00f3n<\/li>\n<\/ul>\n<\/div>\n\n\n\n<div class=\"wp-block-column inside_sidebar is-layout-flow wp-block-column-is-layout-flow\">\n<h4 class=\"wp-block-heading\">Servicios<\/h4>\n\n\n<ul id=\"menu-servicios\" class=\"menu serveis_menu\"><li id=\"menu-item-549\" class=\"menu-item menu-item-type-post_type menu-item-object-page menu-item-549\"><a href=\"https:\/\/pampliegaassociats.com\/es\/consultoria-en-comunicacion-estrategica\/\">Consultor\u00eda en  Comunicaci\u00f3n estrat\u00e9gica<\/a><\/li>\n<li id=\"menu-item-548\" class=\"menu-item menu-item-type-post_type menu-item-object-page menu-item-548\"><a href=\"https:\/\/pampliegaassociats.com\/es\/asesoramiento-en-reputacion-corporativa\/\">Asesoramiento en Reputaci\u00f3n corporativa<\/a><\/li>\n<li id=\"menu-item-550\" class=\"menu-item menu-item-type-post_type menu-item-object-page menu-item-550\"><a href=\"https:\/\/pampliegaassociats.com\/es\/gestion-de-crisi\/\">Gesti\u00f3n de crisi<\/a><\/li>\n<li id=\"menu-item-4516\" class=\"menu-item menu-item-type-post_type menu-item-object-page menu-item-4516\"><a href=\"https:\/\/pampliegaassociats.com\/es\/formacion-de-portavoces\/\">Formaci\u00f3n de Portavoces<\/a><\/li>\n<li id=\"menu-item-551\" class=\"menu-item menu-item-type-post_type menu-item-object-page menu-item-551\"><a href=\"https:\/\/pampliegaassociats.com\/es\/project-managing-services\/\">Project Managing Services<\/a><\/li>\n<li id=\"menu-item-4515\" class=\"menu-item menu-item-type-post_type menu-item-object-page menu-item-4515\"><a href=\"https:\/\/pampliegaassociats.com\/es\/marca-y-posicionamiento-estrategico\/\">Marca y Posicionamiento estrat\u00e9gico<\/a><\/li>\n<\/ul>\n<\/div>\n<\/div>\n\n\n\n<p><\/p>\n","protected":false},"excerpt":{"rendered":"<p>Asesoramiento en Reputaci\u00f3n corporativa \u201cVelamos por la reputaci\u00f3n de nuestros clientes\u201d. Rigor. Coherencia. Integridad. Confidencialidad. Comprender la visi\u00f3n de la organizaci\u00f3n, su actividad y los riesgos y las oportunidades que le presenta el entorno inmediato nos permite gestionar la reputaci\u00f3n desde una perspectiva global para ganar en: La reputaci\u00f3n es la que nos otorga la &hellip; <\/p>\n<p class=\"link-more\"><a href=\"https:\/\/pampliegaassociats.com\/es\/asesoramiento-en-reputacion-corporativa\/\" class=\"more-link\">Seguir leyendo<span class=\"screen-reader-text\"> \u00abAsesoramiento en Reputaci\u00f3n corporativa\u00bb<\/span><\/a><\/p>\n","protected":false},"author":1,"featured_media":0,"parent":0,"menu_order":0,"comment_status":"closed","ping_status":"closed","template":"","meta":{"footnotes":""},"class_list":["post-493","page","type-page","status-publish","hentry","entry"],"yoast_head":"<!-- This site is optimized with the Yoast SEO plugin v26.7 - https:\/\/yoast.com\/wordpress\/plugins\/seo\/ -->\n<title>Asesoramiento en Reputaci\u00f3n corporativa - Pampliega &amp; Associats<\/title>\n<meta name=\"robots\" content=\"index, follow, max-snippet:-1, max-image-preview:large, max-video-preview:-1\" \/>\n<link rel=\"canonical\" href=\"https:\/\/pampliegaassociats.com\/es\/asesoramiento-en-reputacion-corporativa\/\" \/>\n<meta property=\"og:locale\" content=\"es_ES\" \/>\n<meta property=\"og:type\" content=\"article\" \/>\n<meta property=\"og:title\" content=\"Asesoramiento en Reputaci\u00f3n corporativa - Pampliega &amp; Associats\" \/>\n<meta property=\"og:description\" content=\"Asesoramiento en Reputaci\u00f3n corporativa \u201cVelamos por la reputaci\u00f3n de nuestros clientes\u201d. Rigor. Coherencia. Integridad. Confidencialidad. Comprender la visi\u00f3n de la organizaci\u00f3n, su actividad y los riesgos y las oportunidades que le presenta el entorno inmediato nos permite gestionar la reputaci\u00f3n desde una perspectiva global para ganar en: La reputaci\u00f3n es la que nos otorga la &hellip; Seguir leyendo \u00abAsesoramiento en Reputaci\u00f3n corporativa\u00bb\" \/>\n<meta property=\"og:url\" content=\"https:\/\/pampliegaassociats.com\/es\/asesoramiento-en-reputacion-corporativa\/\" \/>\n<meta property=\"og:site_name\" content=\"Pampliega &amp; Associats\" \/>\n<meta property=\"article:modified_time\" content=\"2024-07-04T08:44:26+00:00\" \/>\n<meta property=\"og:image\" content=\"https:\/\/pampliegaassociats.com\/wp-content\/uploads\/2019\/02\/img_inside_reputacio_corp.jpg\" \/>\n<meta name=\"twitter:card\" content=\"summary_large_image\" \/>\n<meta name=\"twitter:label1\" content=\"Tiempo de lectura\" \/>\n\t<meta name=\"twitter:data1\" content=\"3 minutos\" \/>\n<script type=\"application\/ld+json\" class=\"yoast-schema-graph\">{\"@context\":\"https:\/\/schema.org\",\"@graph\":[{\"@type\":\"WebPage\",\"@id\":\"https:\/\/pampliegaassociats.com\/es\/asesoramiento-en-reputacion-corporativa\/\",\"url\":\"https:\/\/pampliegaassociats.com\/es\/asesoramiento-en-reputacion-corporativa\/\",\"name\":\"Asesoramiento en Reputaci\u00f3n corporativa - Pampliega &amp; Associats\",\"isPartOf\":{\"@id\":\"https:\/\/pampliegaassociats.com\/#website\"},\"primaryImageOfPage\":{\"@id\":\"https:\/\/pampliegaassociats.com\/es\/asesoramiento-en-reputacion-corporativa\/#primaryimage\"},\"image\":{\"@id\":\"https:\/\/pampliegaassociats.com\/es\/asesoramiento-en-reputacion-corporativa\/#primaryimage\"},\"thumbnailUrl\":\"https:\/\/pampliegaassociats.com\/wp-content\/uploads\/2019\/02\/img_inside_reputacio_corp.jpg\",\"datePublished\":\"2019-04-26T14:50:52+00:00\",\"dateModified\":\"2024-07-04T08:44:26+00:00\",\"breadcrumb\":{\"@id\":\"https:\/\/pampliegaassociats.com\/es\/asesoramiento-en-reputacion-corporativa\/#breadcrumb\"},\"inLanguage\":\"es\",\"potentialAction\":[{\"@type\":\"ReadAction\",\"target\":[\"https:\/\/pampliegaassociats.com\/es\/asesoramiento-en-reputacion-corporativa\/\"]}]},{\"@type\":\"ImageObject\",\"inLanguage\":\"es\",\"@id\":\"https:\/\/pampliegaassociats.com\/es\/asesoramiento-en-reputacion-corporativa\/#primaryimage\",\"url\":\"https:\/\/pampliegaassociats.com\/wp-content\/uploads\/2019\/02\/img_inside_reputacio_corp.jpg\",\"contentUrl\":\"https:\/\/pampliegaassociats.com\/wp-content\/uploads\/2019\/02\/img_inside_reputacio_corp.jpg\"},{\"@type\":\"BreadcrumbList\",\"@id\":\"https:\/\/pampliegaassociats.com\/es\/asesoramiento-en-reputacion-corporativa\/#breadcrumb\",\"itemListElement\":[{\"@type\":\"ListItem\",\"position\":1,\"name\":\"Portada\",\"item\":\"https:\/\/pampliegaassociats.com\/es\/\"},{\"@type\":\"ListItem\",\"position\":2,\"name\":\"Asesoramiento en Reputaci\u00f3n corporativa\"}]},{\"@type\":\"WebSite\",\"@id\":\"https:\/\/pampliegaassociats.com\/#website\",\"url\":\"https:\/\/pampliegaassociats.com\/\",\"name\":\"Pampliega &amp; Associats\",\"description\":\"Comunicaci\u00f3 Estrat\u00e8gica Reputaci\u00f3 i Gesti\u00f3 de crisi\",\"publisher\":{\"@id\":\"https:\/\/pampliegaassociats.com\/#organization\"},\"potentialAction\":[{\"@type\":\"SearchAction\",\"target\":{\"@type\":\"EntryPoint\",\"urlTemplate\":\"https:\/\/pampliegaassociats.com\/?s={search_term_string}\"},\"query-input\":{\"@type\":\"PropertyValueSpecification\",\"valueRequired\":true,\"valueName\":\"search_term_string\"}}],\"inLanguage\":\"es\"},{\"@type\":\"Organization\",\"@id\":\"https:\/\/pampliegaassociats.com\/#organization\",\"name\":\"Pampliega & Associats\",\"url\":\"https:\/\/pampliegaassociats.com\/\",\"logo\":{\"@type\":\"ImageObject\",\"inLanguage\":\"es\",\"@id\":\"https:\/\/pampliegaassociats.com\/#\/schema\/logo\/image\/\",\"url\":\"https:\/\/pampliegaassociats.com\/wp-content\/uploads\/2019\/02\/logo_pampliega_associats.png\",\"contentUrl\":\"https:\/\/pampliegaassociats.com\/wp-content\/uploads\/2019\/02\/logo_pampliega_associats.png\",\"width\":220,\"height\":110,\"caption\":\"Pampliega & Associats\"},\"image\":{\"@id\":\"https:\/\/pampliegaassociats.com\/#\/schema\/logo\/image\/\"}}]}<\/script>\n<!-- \/ Yoast SEO plugin. -->","yoast_head_json":{"title":"Asesoramiento en Reputaci\u00f3n corporativa - Pampliega &amp; Associats","robots":{"index":"index","follow":"follow","max-snippet":"max-snippet:-1","max-image-preview":"max-image-preview:large","max-video-preview":"max-video-preview:-1"},"canonical":"https:\/\/pampliegaassociats.com\/es\/asesoramiento-en-reputacion-corporativa\/","og_locale":"es_ES","og_type":"article","og_title":"Asesoramiento en Reputaci\u00f3n corporativa - Pampliega &amp; Associats","og_description":"Asesoramiento en Reputaci\u00f3n corporativa \u201cVelamos por la reputaci\u00f3n de nuestros clientes\u201d. Rigor. Coherencia. Integridad. Confidencialidad. Comprender la visi\u00f3n de la organizaci\u00f3n, su actividad y los riesgos y las oportunidades que le presenta el entorno inmediato nos permite gestionar la reputaci\u00f3n desde una perspectiva global para ganar en: La reputaci\u00f3n es la que nos otorga la &hellip; Seguir leyendo \u00abAsesoramiento en Reputaci\u00f3n corporativa\u00bb","og_url":"https:\/\/pampliegaassociats.com\/es\/asesoramiento-en-reputacion-corporativa\/","og_site_name":"Pampliega &amp; Associats","article_modified_time":"2024-07-04T08:44:26+00:00","og_image":[{"url":"https:\/\/pampliegaassociats.com\/wp-content\/uploads\/2019\/02\/img_inside_reputacio_corp.jpg","type":"","width":"","height":""}],"twitter_card":"summary_large_image","twitter_misc":{"Tiempo de lectura":"3 minutos"},"schema":{"@context":"https:\/\/schema.org","@graph":[{"@type":"WebPage","@id":"https:\/\/pampliegaassociats.com\/es\/asesoramiento-en-reputacion-corporativa\/","url":"https:\/\/pampliegaassociats.com\/es\/asesoramiento-en-reputacion-corporativa\/","name":"Asesoramiento en Reputaci\u00f3n corporativa - Pampliega &amp; Associats","isPartOf":{"@id":"https:\/\/pampliegaassociats.com\/#website"},"primaryImageOfPage":{"@id":"https:\/\/pampliegaassociats.com\/es\/asesoramiento-en-reputacion-corporativa\/#primaryimage"},"image":{"@id":"https:\/\/pampliegaassociats.com\/es\/asesoramiento-en-reputacion-corporativa\/#primaryimage"},"thumbnailUrl":"https:\/\/pampliegaassociats.com\/wp-content\/uploads\/2019\/02\/img_inside_reputacio_corp.jpg","datePublished":"2019-04-26T14:50:52+00:00","dateModified":"2024-07-04T08:44:26+00:00","breadcrumb":{"@id":"https:\/\/pampliegaassociats.com\/es\/asesoramiento-en-reputacion-corporativa\/#breadcrumb"},"inLanguage":"es","potentialAction":[{"@type":"ReadAction","target":["https:\/\/pampliegaassociats.com\/es\/asesoramiento-en-reputacion-corporativa\/"]}]},{"@type":"ImageObject","inLanguage":"es","@id":"https:\/\/pampliegaassociats.com\/es\/asesoramiento-en-reputacion-corporativa\/#primaryimage","url":"https:\/\/pampliegaassociats.com\/wp-content\/uploads\/2019\/02\/img_inside_reputacio_corp.jpg","contentUrl":"https:\/\/pampliegaassociats.com\/wp-content\/uploads\/2019\/02\/img_inside_reputacio_corp.jpg"},{"@type":"BreadcrumbList","@id":"https:\/\/pampliegaassociats.com\/es\/asesoramiento-en-reputacion-corporativa\/#breadcrumb","itemListElement":[{"@type":"ListItem","position":1,"name":"Portada","item":"https:\/\/pampliegaassociats.com\/es\/"},{"@type":"ListItem","position":2,"name":"Asesoramiento en Reputaci\u00f3n corporativa"}]},{"@type":"WebSite","@id":"https:\/\/pampliegaassociats.com\/#website","url":"https:\/\/pampliegaassociats.com\/","name":"Pampliega &amp; Associats","description":"Comunicaci\u00f3 Estrat\u00e8gica Reputaci\u00f3 i Gesti\u00f3 de crisi","publisher":{"@id":"https:\/\/pampliegaassociats.com\/#organization"},"potentialAction":[{"@type":"SearchAction","target":{"@type":"EntryPoint","urlTemplate":"https:\/\/pampliegaassociats.com\/?s={search_term_string}"},"query-input":{"@type":"PropertyValueSpecification","valueRequired":true,"valueName":"search_term_string"}}],"inLanguage":"es"},{"@type":"Organization","@id":"https:\/\/pampliegaassociats.com\/#organization","name":"Pampliega & Associats","url":"https:\/\/pampliegaassociats.com\/","logo":{"@type":"ImageObject","inLanguage":"es","@id":"https:\/\/pampliegaassociats.com\/#\/schema\/logo\/image\/","url":"https:\/\/pampliegaassociats.com\/wp-content\/uploads\/2019\/02\/logo_pampliega_associats.png","contentUrl":"https:\/\/pampliegaassociats.com\/wp-content\/uploads\/2019\/02\/logo_pampliega_associats.png","width":220,"height":110,"caption":"Pampliega & Associats"},"image":{"@id":"https:\/\/pampliegaassociats.com\/#\/schema\/logo\/image\/"}}]}},"featured_image_src":null,"featured_image_src_square":null,"_links":{"self":[{"href":"https:\/\/pampliegaassociats.com\/es\/wp-json\/wp\/v2\/pages\/493","targetHints":{"allow":["GET"]}}],"collection":[{"href":"https:\/\/pampliegaassociats.com\/es\/wp-json\/wp\/v2\/pages"}],"about":[{"href":"https:\/\/pampliegaassociats.com\/es\/wp-json\/wp\/v2\/types\/page"}],"author":[{"embeddable":true,"href":"https:\/\/pampliegaassociats.com\/es\/wp-json\/wp\/v2\/users\/1"}],"replies":[{"embeddable":true,"href":"https:\/\/pampliegaassociats.com\/es\/wp-json\/wp\/v2\/comments?post=493"}],"version-history":[{"count":3,"href":"https:\/\/pampliegaassociats.com\/es\/wp-json\/wp\/v2\/pages\/493\/revisions"}],"predecessor-version":[{"id":6561,"href":"https:\/\/pampliegaassociats.com\/es\/wp-json\/wp\/v2\/pages\/493\/revisions\/6561"}],"wp:attachment":[{"href":"https:\/\/pampliegaassociats.com\/es\/wp-json\/wp\/v2\/media?parent=493"}],"curies":[{"name":"wp","href":"https:\/\/api.w.org\/{rel}","templated":true}]}}