{"id":1799,"date":"2021-01-20T17:34:35","date_gmt":"2021-01-20T16:34:35","guid":{"rendered":"https:\/\/pampliegaassociats.com\/?page_id=1799"},"modified":"2022-09-15T11:29:44","modified_gmt":"2022-09-15T09:29:44","slug":"marca-y-posicionamiento-estrategico","status":"publish","type":"page","link":"https:\/\/pampliegaassociats.com\/es\/marca-y-posicionamiento-estrategico\/","title":{"rendered":"Marca y Posicionamiento estrat\u00e9gico"},"content":{"rendered":"\n<div class=\"wp-block-columns alignwide has-3-columns column_inside_01 is-layout-flex wp-container-core-columns-is-layout-9d6595d7 wp-block-columns-is-layout-flex\">\n<div class=\"wp-block-column is-layout-flow wp-block-column-is-layout-flow\" style=\"flex-basis:300px\">\n<div class=\"wp-block-ga-block-animation-block\"><div style=\"z-index:1\" class=\"gutenberg-animate-block animated hide-before no-delay slow\" data-in=\"fadeIn\" data-reset=\"false\" data-emergence=\"hidden\">\n<figure class=\"wp-block-image\"><img decoding=\"async\" src=\"https:\/\/pampliegaassociats.com\/wp-content\/uploads\/2021\/01\/1-240x300.jpg\" alt=\"\" class=\"wp-image-233\"\/><\/figure>\n<\/div><\/div>\n<\/div>\n\n\n\n<div class=\"wp-block-column is-layout-flow wp-block-column-is-layout-flow\" style=\"flex-basis:600px\">\n<h1 class=\"title_inside_02 wp-block-heading\"><strong>Marca y Posicionamiento<\/strong> Estrat\u00e9gico<\/h1>\n\n\n\n<p>En palabras de Elena Pampliega, Socia-Directora de Pampliega &amp; Associats \u00ab<em><strong>el posicionamiento estrat\u00e9gico es un herramienta m\u00e1s para hacer m\u00e1s eficaz la comunicaci\u00f3n. A P&amp;A siempre trabajamos con esta metodolog\u00eda, haciendo as\u00ed que los proyectos sean \u00fanicos y competitivos. Conocer la esencia de la actividad, el prop\u00f3sito, la competencia, el secto<\/strong><\/em><strong><em>r, as\u00ed como, los clientes actuales y potenciales es cr\u00edtico para desarrollar la comunicaci\u00f3n estrat\u00e9gica y el valor de marca\u00bb.<\/em><\/strong><\/p>\n\n\n\n<p>Hoy en d\u00eda, estamos inmersos en un entorno global de exceso de oferta e h\u00edper competencia. Por eso, ya no es tan importante preguntarnos en qu\u00e9 somos mejores, sino en qu\u00e9 podemos ser diferentes en la mente de nuestros clientes y en como se nos percibe en el mercado.<\/p>\n\n\n\n<p>El posicionamiento estrat\u00e9gico es \u00abaquella idea \u00fanica\u00bb que nos permite ser diferentes y preferentes en la mente de los clientes, d\u00e1ndonos as\u00ed una ventaja competitiva en el mercado.<\/p>\n\n\n\n<p>Des de Pampliega &amp; Asociados ayudamos a nuestros clientes a conseguir esta diferenciaci\u00f3n entre sus competidores para ser percibidos de forma diferencial. \u00bfC\u00f3mo lo hacemos?<\/p>\n\n\n\n<p>Para ser competitivos lo m\u00e1s importante es basarse en tres elementos:<\/p>\n\n\n\n<ul class=\"list_box has-small-font-size wp-block-list\"><li><strong>Sentido com\u00fan<\/strong><\/li><li><strong>Ser simple<\/strong><\/li><li><strong>Ser diferent<\/strong>e<\/li><\/ul>\n\n\n\n<p>A su vez, es necesario explicarlo bien y saber transmitir la propuesta de valor de una forma clara y simple. Una de las claves es conseguir <em>engagement<\/em> a trav\u00e9s de los mensajes para que crean un v\u00ednculo y conexi\u00f3n con los clientes y los dem\u00e1s <em>stakeholders.<\/em><\/p>\n\n\n\n<p>A partir de un proceso de consultor\u00eda identificamos la ventaja competitiva y desarrollamos un posicionamiento estrat\u00e9gico para la empresa o instituci\u00f3n con:<\/p>\n\n\n\n<ol class=\"list_box has-small-font-size wp-block-list\"><li>El estudio del posicionamiento estrat\u00e9gico e ingenier\u00eda de marca: implica una revisi\u00f3n en profundidad del sector, de los \u00abplayers\u00bb, las tendencias y el potencial de negocio<\/li><li>Creamos el discurso y las credenciales de posicionamiento<\/li><li>Definimos las palancas de atracci\u00f3n<\/li><li>Cuadramos la estrategia con el valor de marca y la alineamos con las 3 \u00abC\u00bb de la marca: los comportamientos, la comunicaci\u00f3n y la cultura interna.<\/li><\/ol>\n\n\n\n<p> <\/p>\n<\/div>\n\n\n\n<div class=\"wp-block-column inside_sidebar is-layout-flow wp-block-column-is-layout-flow\" style=\"flex-basis:300px\">\n<h4 class=\"wp-block-heading\">Servicios<\/h4>\n\n\n<ul id=\"menu-servicios\" class=\"menu serveis_menu\"><li id=\"menu-item-549\" class=\"menu-item menu-item-type-post_type menu-item-object-page menu-item-549\"><a href=\"https:\/\/pampliegaassociats.com\/es\/consultoria-en-comunicacion-estrategica\/\">Consultor\u00eda en  Comunicaci\u00f3n estrat\u00e9gica<\/a><\/li>\n<li id=\"menu-item-548\" class=\"menu-item menu-item-type-post_type menu-item-object-page menu-item-548\"><a href=\"https:\/\/pampliegaassociats.com\/es\/asesoramiento-en-reputacion-corporativa\/\">Asesoramiento en Reputaci\u00f3n corporativa<\/a><\/li>\n<li id=\"menu-item-550\" class=\"menu-item menu-item-type-post_type menu-item-object-page menu-item-550\"><a href=\"https:\/\/pampliegaassociats.com\/es\/gestion-de-crisi\/\">Gesti\u00f3n de crisi<\/a><\/li>\n<li id=\"menu-item-4516\" class=\"menu-item menu-item-type-post_type menu-item-object-page menu-item-4516\"><a href=\"https:\/\/pampliegaassociats.com\/es\/formacion-de-portavoces\/\">Formaci\u00f3n de Portavoces<\/a><\/li>\n<li id=\"menu-item-551\" class=\"menu-item menu-item-type-post_type menu-item-object-page menu-item-551\"><a href=\"https:\/\/pampliegaassociats.com\/es\/project-managing-services\/\">Project Managing Services<\/a><\/li>\n<li id=\"menu-item-4515\" class=\"menu-item menu-item-type-post_type menu-item-object-page menu-item-4515\"><a href=\"https:\/\/pampliegaassociats.com\/es\/marca-y-posicionamiento-estrategico\/\">Marca y Posicionamiento estrat\u00e9gico<\/a><\/li>\n<\/ul>\n<\/div>\n<\/div>\n\n\n<p><!-- \/wp:post-content --><\/p>","protected":false},"excerpt":{"rendered":"<p>Marca y Posicionamiento Estrat\u00e9gico En palabras de Elena Pampliega, Socia-Directora de Pampliega &amp; Associats \u00abel posicionamiento estrat\u00e9gico es un herramienta m\u00e1s para hacer m\u00e1s eficaz la comunicaci\u00f3n. A P&amp;A siempre trabajamos con esta metodolog\u00eda, haciendo as\u00ed que los proyectos sean \u00fanicos y competitivos. Conocer la esencia de la actividad, el prop\u00f3sito, la competencia, el sector, &hellip; <\/p>\n<p class=\"link-more\"><a href=\"https:\/\/pampliegaassociats.com\/es\/marca-y-posicionamiento-estrategico\/\" class=\"more-link\">Seguir leyendo<span class=\"screen-reader-text\"> \u00abMarca y Posicionamiento estrat\u00e9gico\u00bb<\/span><\/a><\/p>\n","protected":false},"author":2,"featured_media":0,"parent":0,"menu_order":0,"comment_status":"closed","ping_status":"closed","template":"","meta":{"footnotes":""},"class_list":["post-1799","page","type-page","status-publish","hentry","entry"],"yoast_head":"<!-- This site is optimized with the Yoast SEO plugin v26.7 - https:\/\/yoast.com\/wordpress\/plugins\/seo\/ -->\n<title>Marca y Posicionamiento estrat\u00e9gico - Pampliega &amp; Associats<\/title>\n<meta name=\"robots\" content=\"index, follow, max-snippet:-1, max-image-preview:large, max-video-preview:-1\" \/>\n<link rel=\"canonical\" href=\"https:\/\/pampliegaassociats.com\/es\/marca-y-posicionamiento-estrategico\/\" \/>\n<meta property=\"og:locale\" content=\"es_ES\" \/>\n<meta property=\"og:type\" content=\"article\" \/>\n<meta property=\"og:title\" content=\"Marca y Posicionamiento estrat\u00e9gico - Pampliega &amp; Associats\" \/>\n<meta property=\"og:description\" content=\"Marca y Posicionamiento Estrat\u00e9gico En palabras de Elena Pampliega, Socia-Directora de Pampliega &amp; Associats \u00abel posicionamiento estrat\u00e9gico es un herramienta m\u00e1s para hacer m\u00e1s eficaz la comunicaci\u00f3n. A P&amp;A siempre trabajamos con esta metodolog\u00eda, haciendo as\u00ed que los proyectos sean \u00fanicos y competitivos. Conocer la esencia de la actividad, el prop\u00f3sito, la competencia, el sector, &hellip; Seguir leyendo \u00abMarca y Posicionamiento estrat\u00e9gico\u00bb\" \/>\n<meta property=\"og:url\" content=\"https:\/\/pampliegaassociats.com\/es\/marca-y-posicionamiento-estrategico\/\" \/>\n<meta property=\"og:site_name\" content=\"Pampliega &amp; Associats\" \/>\n<meta property=\"article:modified_time\" content=\"2022-09-15T09:29:44+00:00\" \/>\n<meta property=\"og:image\" content=\"https:\/\/pampliegaassociats.com\/wp-content\/uploads\/2021\/01\/1-240x300.jpg\" \/>\n<meta name=\"twitter:card\" content=\"summary_large_image\" \/>\n<meta name=\"twitter:label1\" content=\"Tiempo de lectura\" \/>\n\t<meta name=\"twitter:data1\" content=\"3 minutos\" \/>\n<script type=\"application\/ld+json\" class=\"yoast-schema-graph\">{\"@context\":\"https:\/\/schema.org\",\"@graph\":[{\"@type\":\"WebPage\",\"@id\":\"https:\/\/pampliegaassociats.com\/es\/marca-y-posicionamiento-estrategico\/\",\"url\":\"https:\/\/pampliegaassociats.com\/es\/marca-y-posicionamiento-estrategico\/\",\"name\":\"Marca y Posicionamiento estrat\u00e9gico - Pampliega &amp; Associats\",\"isPartOf\":{\"@id\":\"https:\/\/pampliegaassociats.com\/#website\"},\"primaryImageOfPage\":{\"@id\":\"https:\/\/pampliegaassociats.com\/es\/marca-y-posicionamiento-estrategico\/#primaryimage\"},\"image\":{\"@id\":\"https:\/\/pampliegaassociats.com\/es\/marca-y-posicionamiento-estrategico\/#primaryimage\"},\"thumbnailUrl\":\"https:\/\/pampliegaassociats.com\/wp-content\/uploads\/2021\/01\/1-240x300.jpg\",\"datePublished\":\"2021-01-20T16:34:35+00:00\",\"dateModified\":\"2022-09-15T09:29:44+00:00\",\"breadcrumb\":{\"@id\":\"https:\/\/pampliegaassociats.com\/es\/marca-y-posicionamiento-estrategico\/#breadcrumb\"},\"inLanguage\":\"es\",\"potentialAction\":[{\"@type\":\"ReadAction\",\"target\":[\"https:\/\/pampliegaassociats.com\/es\/marca-y-posicionamiento-estrategico\/\"]}]},{\"@type\":\"ImageObject\",\"inLanguage\":\"es\",\"@id\":\"https:\/\/pampliegaassociats.com\/es\/marca-y-posicionamiento-estrategico\/#primaryimage\",\"url\":\"https:\/\/pampliegaassociats.com\/wp-content\/uploads\/2021\/01\/1-240x300.jpg\",\"contentUrl\":\"https:\/\/pampliegaassociats.com\/wp-content\/uploads\/2021\/01\/1-240x300.jpg\"},{\"@type\":\"BreadcrumbList\",\"@id\":\"https:\/\/pampliegaassociats.com\/es\/marca-y-posicionamiento-estrategico\/#breadcrumb\",\"itemListElement\":[{\"@type\":\"ListItem\",\"position\":1,\"name\":\"Portada\",\"item\":\"https:\/\/pampliegaassociats.com\/es\/\"},{\"@type\":\"ListItem\",\"position\":2,\"name\":\"Marca y Posicionamiento estrat\u00e9gico\"}]},{\"@type\":\"WebSite\",\"@id\":\"https:\/\/pampliegaassociats.com\/#website\",\"url\":\"https:\/\/pampliegaassociats.com\/\",\"name\":\"Pampliega &amp; Associats\",\"description\":\"Comunicaci\u00f3 Estrat\u00e8gica Reputaci\u00f3 i Gesti\u00f3 de crisi\",\"publisher\":{\"@id\":\"https:\/\/pampliegaassociats.com\/#organization\"},\"potentialAction\":[{\"@type\":\"SearchAction\",\"target\":{\"@type\":\"EntryPoint\",\"urlTemplate\":\"https:\/\/pampliegaassociats.com\/?s={search_term_string}\"},\"query-input\":{\"@type\":\"PropertyValueSpecification\",\"valueRequired\":true,\"valueName\":\"search_term_string\"}}],\"inLanguage\":\"es\"},{\"@type\":\"Organization\",\"@id\":\"https:\/\/pampliegaassociats.com\/#organization\",\"name\":\"Pampliega & Associats\",\"url\":\"https:\/\/pampliegaassociats.com\/\",\"logo\":{\"@type\":\"ImageObject\",\"inLanguage\":\"es\",\"@id\":\"https:\/\/pampliegaassociats.com\/#\/schema\/logo\/image\/\",\"url\":\"https:\/\/pampliegaassociats.com\/wp-content\/uploads\/2019\/02\/logo_pampliega_associats.png\",\"contentUrl\":\"https:\/\/pampliegaassociats.com\/wp-content\/uploads\/2019\/02\/logo_pampliega_associats.png\",\"width\":220,\"height\":110,\"caption\":\"Pampliega & Associats\"},\"image\":{\"@id\":\"https:\/\/pampliegaassociats.com\/#\/schema\/logo\/image\/\"}}]}<\/script>\n<!-- \/ Yoast SEO plugin. -->","yoast_head_json":{"title":"Marca y Posicionamiento estrat\u00e9gico - Pampliega &amp; Associats","robots":{"index":"index","follow":"follow","max-snippet":"max-snippet:-1","max-image-preview":"max-image-preview:large","max-video-preview":"max-video-preview:-1"},"canonical":"https:\/\/pampliegaassociats.com\/es\/marca-y-posicionamiento-estrategico\/","og_locale":"es_ES","og_type":"article","og_title":"Marca y Posicionamiento estrat\u00e9gico - Pampliega &amp; Associats","og_description":"Marca y Posicionamiento Estrat\u00e9gico En palabras de Elena Pampliega, Socia-Directora de Pampliega &amp; Associats \u00abel posicionamiento estrat\u00e9gico es un herramienta m\u00e1s para hacer m\u00e1s eficaz la comunicaci\u00f3n. A P&amp;A siempre trabajamos con esta metodolog\u00eda, haciendo as\u00ed que los proyectos sean \u00fanicos y competitivos. Conocer la esencia de la actividad, el prop\u00f3sito, la competencia, el sector, &hellip; Seguir leyendo \u00abMarca y Posicionamiento estrat\u00e9gico\u00bb","og_url":"https:\/\/pampliegaassociats.com\/es\/marca-y-posicionamiento-estrategico\/","og_site_name":"Pampliega &amp; Associats","article_modified_time":"2022-09-15T09:29:44+00:00","og_image":[{"url":"https:\/\/pampliegaassociats.com\/wp-content\/uploads\/2021\/01\/1-240x300.jpg","type":"","width":"","height":""}],"twitter_card":"summary_large_image","twitter_misc":{"Tiempo de lectura":"3 minutos"},"schema":{"@context":"https:\/\/schema.org","@graph":[{"@type":"WebPage","@id":"https:\/\/pampliegaassociats.com\/es\/marca-y-posicionamiento-estrategico\/","url":"https:\/\/pampliegaassociats.com\/es\/marca-y-posicionamiento-estrategico\/","name":"Marca y Posicionamiento estrat\u00e9gico - Pampliega &amp; Associats","isPartOf":{"@id":"https:\/\/pampliegaassociats.com\/#website"},"primaryImageOfPage":{"@id":"https:\/\/pampliegaassociats.com\/es\/marca-y-posicionamiento-estrategico\/#primaryimage"},"image":{"@id":"https:\/\/pampliegaassociats.com\/es\/marca-y-posicionamiento-estrategico\/#primaryimage"},"thumbnailUrl":"https:\/\/pampliegaassociats.com\/wp-content\/uploads\/2021\/01\/1-240x300.jpg","datePublished":"2021-01-20T16:34:35+00:00","dateModified":"2022-09-15T09:29:44+00:00","breadcrumb":{"@id":"https:\/\/pampliegaassociats.com\/es\/marca-y-posicionamiento-estrategico\/#breadcrumb"},"inLanguage":"es","potentialAction":[{"@type":"ReadAction","target":["https:\/\/pampliegaassociats.com\/es\/marca-y-posicionamiento-estrategico\/"]}]},{"@type":"ImageObject","inLanguage":"es","@id":"https:\/\/pampliegaassociats.com\/es\/marca-y-posicionamiento-estrategico\/#primaryimage","url":"https:\/\/pampliegaassociats.com\/wp-content\/uploads\/2021\/01\/1-240x300.jpg","contentUrl":"https:\/\/pampliegaassociats.com\/wp-content\/uploads\/2021\/01\/1-240x300.jpg"},{"@type":"BreadcrumbList","@id":"https:\/\/pampliegaassociats.com\/es\/marca-y-posicionamiento-estrategico\/#breadcrumb","itemListElement":[{"@type":"ListItem","position":1,"name":"Portada","item":"https:\/\/pampliegaassociats.com\/es\/"},{"@type":"ListItem","position":2,"name":"Marca y Posicionamiento estrat\u00e9gico"}]},{"@type":"WebSite","@id":"https:\/\/pampliegaassociats.com\/#website","url":"https:\/\/pampliegaassociats.com\/","name":"Pampliega &amp; Associats","description":"Comunicaci\u00f3 Estrat\u00e8gica Reputaci\u00f3 i Gesti\u00f3 de crisi","publisher":{"@id":"https:\/\/pampliegaassociats.com\/#organization"},"potentialAction":[{"@type":"SearchAction","target":{"@type":"EntryPoint","urlTemplate":"https:\/\/pampliegaassociats.com\/?s={search_term_string}"},"query-input":{"@type":"PropertyValueSpecification","valueRequired":true,"valueName":"search_term_string"}}],"inLanguage":"es"},{"@type":"Organization","@id":"https:\/\/pampliegaassociats.com\/#organization","name":"Pampliega & Associats","url":"https:\/\/pampliegaassociats.com\/","logo":{"@type":"ImageObject","inLanguage":"es","@id":"https:\/\/pampliegaassociats.com\/#\/schema\/logo\/image\/","url":"https:\/\/pampliegaassociats.com\/wp-content\/uploads\/2019\/02\/logo_pampliega_associats.png","contentUrl":"https:\/\/pampliegaassociats.com\/wp-content\/uploads\/2019\/02\/logo_pampliega_associats.png","width":220,"height":110,"caption":"Pampliega & Associats"},"image":{"@id":"https:\/\/pampliegaassociats.com\/#\/schema\/logo\/image\/"}}]}},"featured_image_src":null,"featured_image_src_square":null,"_links":{"self":[{"href":"https:\/\/pampliegaassociats.com\/es\/wp-json\/wp\/v2\/pages\/1799","targetHints":{"allow":["GET"]}}],"collection":[{"href":"https:\/\/pampliegaassociats.com\/es\/wp-json\/wp\/v2\/pages"}],"about":[{"href":"https:\/\/pampliegaassociats.com\/es\/wp-json\/wp\/v2\/types\/page"}],"author":[{"embeddable":true,"href":"https:\/\/pampliegaassociats.com\/es\/wp-json\/wp\/v2\/users\/2"}],"replies":[{"embeddable":true,"href":"https:\/\/pampliegaassociats.com\/es\/wp-json\/wp\/v2\/comments?post=1799"}],"version-history":[{"count":15,"href":"https:\/\/pampliegaassociats.com\/es\/wp-json\/wp\/v2\/pages\/1799\/revisions"}],"predecessor-version":[{"id":4314,"href":"https:\/\/pampliegaassociats.com\/es\/wp-json\/wp\/v2\/pages\/1799\/revisions\/4314"}],"wp:attachment":[{"href":"https:\/\/pampliegaassociats.com\/es\/wp-json\/wp\/v2\/media?parent=1799"}],"curies":[{"name":"wp","href":"https:\/\/api.w.org\/{rel}","templated":true}]}}