{"id":1508,"date":"2020-10-27T15:53:14","date_gmt":"2020-10-27T14:53:14","guid":{"rendered":"https:\/\/pampliegaassociats.com\/?page_id=1508"},"modified":"2020-10-27T15:53:14","modified_gmt":"2020-10-27T14:53:14","slug":"pampliega-associats-filosofia-comunicacion-estrategica-andorra","status":"publish","type":"page","link":"https:\/\/pampliegaassociats.com\/es\/pampliega-associats-filosofia-comunicacion-estrategica-andorra\/","title":{"rendered":"Filosof\u00eda P&#038;A"},"content":{"rendered":"<h1>Filosof\u00eda P&amp;A<\/h1>\n<p>&nbsp;<\/p>\n<p>Pampliega &amp; Asossociats es la <strong>primera consultor\u00eda de comunicaci\u00f3n de Andorra,<\/strong> creada en 2018 con el objetivo de proporcionar un servicio de <strong>comunicaci\u00f3n de alto valor a\u00f1adido<\/strong>. Tomando como base el concepto 360\u00b0, ofrecemos soluciones integrales para cubrir todas las necesidades comunicativas de las organizaciones.<\/p>\n<p>&nbsp;<\/p>\n<p>Desde el discurso corporativo, el plan de reputaci\u00f3n, la consultor\u00eda de posicionamiento o la gesti\u00f3n de crisis, todos nuestros servicios se engloban dentro de una misma idea: la <strong>comunicaci\u00f3n estrat\u00e9gica<\/strong>.<\/p>\n<p>&nbsp;<\/p>\n<p><strong>Somos una empresa joven,<\/strong> que apuesta por las nuevas maneras de hacer sin olvidar dos pilares fundamentales: la comunicaci\u00f3n interna y externa como herramientas clave para la buena gesti\u00f3n empresarial y para trasladar a los p\u00fablicos de inter\u00e9s el prop\u00f3sito empresarial. Con un equipo multidisciplinar, trabajamos para construir marcas s\u00f3lidas y voces singulares tanto en Andorra como nivel internacional.<\/p>\n<p>&nbsp;<\/p>\n<p><img loading=\"lazy\" decoding=\"async\" class=\"aligncenter size-full wp-image-1511\" src=\"https:\/\/pampliegaassociats.com\/wp-content\/uploads\/2020\/10\/imatge-4.png\" alt=\"\" width=\"1280\" height=\"720\" srcset=\"https:\/\/pampliegaassociats.com\/wp-content\/uploads\/2020\/10\/imatge-4.png 1280w, https:\/\/pampliegaassociats.com\/wp-content\/uploads\/2020\/10\/imatge-4-300x169.png 300w, https:\/\/pampliegaassociats.com\/wp-content\/uploads\/2020\/10\/imatge-4-1024x576.png 1024w, https:\/\/pampliegaassociats.com\/wp-content\/uploads\/2020\/10\/imatge-4-150x84.png 150w, https:\/\/pampliegaassociats.com\/wp-content\/uploads\/2020\/10\/imatge-4-768x432.png 768w, https:\/\/pampliegaassociats.com\/wp-content\/uploads\/2020\/10\/imatge-4-200x113.png 200w\" sizes=\"auto, (max-width: 1280px) 100vw, 1280px\" \/><\/p>\n","protected":false},"excerpt":{"rendered":"<p>Filosof\u00eda P&amp;A &nbsp; Pampliega &amp; Asossociats es la primera consultor\u00eda de comunicaci\u00f3n de Andorra, creada en 2018 con el objetivo de proporcionar un servicio de comunicaci\u00f3n de alto valor a\u00f1adido. Tomando como base el concepto 360\u00b0, ofrecemos soluciones integrales para cubrir todas las necesidades comunicativas de las organizaciones. &nbsp; Desde el discurso corporativo, el plan &hellip; <\/p>\n<p class=\"link-more\"><a href=\"https:\/\/pampliegaassociats.com\/es\/pampliega-associats-filosofia-comunicacion-estrategica-andorra\/\" class=\"more-link\">Seguir leyendo<span class=\"screen-reader-text\"> \u00abFilosof\u00eda P&#038;A\u00bb<\/span><\/a><\/p>\n","protected":false},"author":2,"featured_media":0,"parent":0,"menu_order":0,"comment_status":"closed","ping_status":"closed","template":"","meta":{"footnotes":""},"class_list":["post-1508","page","type-page","status-publish","hentry","entry"],"yoast_head":"<!-- This site is optimized with the Yoast SEO plugin v26.7 - https:\/\/yoast.com\/wordpress\/plugins\/seo\/ -->\n<title>Filosof\u00eda P&amp;A - Pampliega &amp; Associats<\/title>\n<meta name=\"robots\" content=\"index, follow, max-snippet:-1, max-image-preview:large, max-video-preview:-1\" \/>\n<link rel=\"canonical\" href=\"https:\/\/pampliegaassociats.com\/es\/pampliega-associats-filosofia-comunicacion-estrategica-andorra\/\" \/>\n<meta property=\"og:locale\" content=\"es_ES\" \/>\n<meta property=\"og:type\" content=\"article\" \/>\n<meta property=\"og:title\" content=\"Filosof\u00eda P&amp;A - Pampliega &amp; Associats\" \/>\n<meta property=\"og:description\" content=\"Filosof\u00eda P&amp;A &nbsp; Pampliega &amp; Asossociats es la primera consultor\u00eda de comunicaci\u00f3n de Andorra, creada en 2018 con el objetivo de proporcionar un servicio de comunicaci\u00f3n de alto valor a\u00f1adido. Tomando como base el concepto 360\u00b0, ofrecemos soluciones integrales para cubrir todas las necesidades comunicativas de las organizaciones. &nbsp; Desde el discurso corporativo, el plan &hellip; Seguir leyendo \u00abFilosof\u00eda P&#038;A\u00bb\" \/>\n<meta property=\"og:url\" content=\"https:\/\/pampliegaassociats.com\/es\/pampliega-associats-filosofia-comunicacion-estrategica-andorra\/\" \/>\n<meta property=\"og:site_name\" content=\"Pampliega &amp; Associats\" \/>\n<meta property=\"og:image\" content=\"https:\/\/pampliegaassociats.com\/wp-content\/uploads\/2020\/10\/imatge-4.png\" \/>\n<meta name=\"twitter:card\" content=\"summary_large_image\" \/>\n<meta name=\"twitter:label1\" content=\"Tiempo de lectura\" \/>\n\t<meta name=\"twitter:data1\" content=\"1 minuto\" \/>\n<script type=\"application\/ld+json\" class=\"yoast-schema-graph\">{\"@context\":\"https:\/\/schema.org\",\"@graph\":[{\"@type\":\"WebPage\",\"@id\":\"https:\/\/pampliegaassociats.com\/es\/pampliega-associats-filosofia-comunicacion-estrategica-andorra\/\",\"url\":\"https:\/\/pampliegaassociats.com\/es\/pampliega-associats-filosofia-comunicacion-estrategica-andorra\/\",\"name\":\"Filosof\u00eda P&A - Pampliega &amp; Associats\",\"isPartOf\":{\"@id\":\"https:\/\/pampliegaassociats.com\/#website\"},\"primaryImageOfPage\":{\"@id\":\"https:\/\/pampliegaassociats.com\/es\/pampliega-associats-filosofia-comunicacion-estrategica-andorra\/#primaryimage\"},\"image\":{\"@id\":\"https:\/\/pampliegaassociats.com\/es\/pampliega-associats-filosofia-comunicacion-estrategica-andorra\/#primaryimage\"},\"thumbnailUrl\":\"https:\/\/pampliegaassociats.com\/wp-content\/uploads\/2020\/10\/imatge-4.png\",\"datePublished\":\"2020-10-27T14:53:14+00:00\",\"breadcrumb\":{\"@id\":\"https:\/\/pampliegaassociats.com\/es\/pampliega-associats-filosofia-comunicacion-estrategica-andorra\/#breadcrumb\"},\"inLanguage\":\"es\",\"potentialAction\":[{\"@type\":\"ReadAction\",\"target\":[\"https:\/\/pampliegaassociats.com\/es\/pampliega-associats-filosofia-comunicacion-estrategica-andorra\/\"]}]},{\"@type\":\"ImageObject\",\"inLanguage\":\"es\",\"@id\":\"https:\/\/pampliegaassociats.com\/es\/pampliega-associats-filosofia-comunicacion-estrategica-andorra\/#primaryimage\",\"url\":\"https:\/\/pampliegaassociats.com\/wp-content\/uploads\/2020\/10\/imatge-4.png\",\"contentUrl\":\"https:\/\/pampliegaassociats.com\/wp-content\/uploads\/2020\/10\/imatge-4.png\"},{\"@type\":\"BreadcrumbList\",\"@id\":\"https:\/\/pampliegaassociats.com\/es\/pampliega-associats-filosofia-comunicacion-estrategica-andorra\/#breadcrumb\",\"itemListElement\":[{\"@type\":\"ListItem\",\"position\":1,\"name\":\"Portada\",\"item\":\"https:\/\/pampliegaassociats.com\/es\/\"},{\"@type\":\"ListItem\",\"position\":2,\"name\":\"Filosof\u00eda P&#038;A\"}]},{\"@type\":\"WebSite\",\"@id\":\"https:\/\/pampliegaassociats.com\/#website\",\"url\":\"https:\/\/pampliegaassociats.com\/\",\"name\":\"Pampliega &amp; Associats\",\"description\":\"Comunicaci\u00f3 Estrat\u00e8gica Reputaci\u00f3 i Gesti\u00f3 de crisi\",\"publisher\":{\"@id\":\"https:\/\/pampliegaassociats.com\/#organization\"},\"potentialAction\":[{\"@type\":\"SearchAction\",\"target\":{\"@type\":\"EntryPoint\",\"urlTemplate\":\"https:\/\/pampliegaassociats.com\/?s={search_term_string}\"},\"query-input\":{\"@type\":\"PropertyValueSpecification\",\"valueRequired\":true,\"valueName\":\"search_term_string\"}}],\"inLanguage\":\"es\"},{\"@type\":\"Organization\",\"@id\":\"https:\/\/pampliegaassociats.com\/#organization\",\"name\":\"Pampliega & Associats\",\"url\":\"https:\/\/pampliegaassociats.com\/\",\"logo\":{\"@type\":\"ImageObject\",\"inLanguage\":\"es\",\"@id\":\"https:\/\/pampliegaassociats.com\/#\/schema\/logo\/image\/\",\"url\":\"https:\/\/pampliegaassociats.com\/wp-content\/uploads\/2019\/02\/logo_pampliega_associats.png\",\"contentUrl\":\"https:\/\/pampliegaassociats.com\/wp-content\/uploads\/2019\/02\/logo_pampliega_associats.png\",\"width\":220,\"height\":110,\"caption\":\"Pampliega & Associats\"},\"image\":{\"@id\":\"https:\/\/pampliegaassociats.com\/#\/schema\/logo\/image\/\"}}]}<\/script>\n<!-- \/ Yoast SEO plugin. -->","yoast_head_json":{"title":"Filosof\u00eda P&A - Pampliega &amp; Associats","robots":{"index":"index","follow":"follow","max-snippet":"max-snippet:-1","max-image-preview":"max-image-preview:large","max-video-preview":"max-video-preview:-1"},"canonical":"https:\/\/pampliegaassociats.com\/es\/pampliega-associats-filosofia-comunicacion-estrategica-andorra\/","og_locale":"es_ES","og_type":"article","og_title":"Filosof\u00eda P&A - Pampliega &amp; Associats","og_description":"Filosof\u00eda P&amp;A &nbsp; Pampliega &amp; Asossociats es la primera consultor\u00eda de comunicaci\u00f3n de Andorra, creada en 2018 con el objetivo de proporcionar un servicio de comunicaci\u00f3n de alto valor a\u00f1adido. Tomando como base el concepto 360\u00b0, ofrecemos soluciones integrales para cubrir todas las necesidades comunicativas de las organizaciones. &nbsp; Desde el discurso corporativo, el plan &hellip; Seguir leyendo \u00abFilosof\u00eda P&#038;A\u00bb","og_url":"https:\/\/pampliegaassociats.com\/es\/pampliega-associats-filosofia-comunicacion-estrategica-andorra\/","og_site_name":"Pampliega &amp; Associats","og_image":[{"url":"https:\/\/pampliegaassociats.com\/wp-content\/uploads\/2020\/10\/imatge-4.png","type":"","width":"","height":""}],"twitter_card":"summary_large_image","twitter_misc":{"Tiempo de lectura":"1 minuto"},"schema":{"@context":"https:\/\/schema.org","@graph":[{"@type":"WebPage","@id":"https:\/\/pampliegaassociats.com\/es\/pampliega-associats-filosofia-comunicacion-estrategica-andorra\/","url":"https:\/\/pampliegaassociats.com\/es\/pampliega-associats-filosofia-comunicacion-estrategica-andorra\/","name":"Filosof\u00eda P&A - Pampliega &amp; Associats","isPartOf":{"@id":"https:\/\/pampliegaassociats.com\/#website"},"primaryImageOfPage":{"@id":"https:\/\/pampliegaassociats.com\/es\/pampliega-associats-filosofia-comunicacion-estrategica-andorra\/#primaryimage"},"image":{"@id":"https:\/\/pampliegaassociats.com\/es\/pampliega-associats-filosofia-comunicacion-estrategica-andorra\/#primaryimage"},"thumbnailUrl":"https:\/\/pampliegaassociats.com\/wp-content\/uploads\/2020\/10\/imatge-4.png","datePublished":"2020-10-27T14:53:14+00:00","breadcrumb":{"@id":"https:\/\/pampliegaassociats.com\/es\/pampliega-associats-filosofia-comunicacion-estrategica-andorra\/#breadcrumb"},"inLanguage":"es","potentialAction":[{"@type":"ReadAction","target":["https:\/\/pampliegaassociats.com\/es\/pampliega-associats-filosofia-comunicacion-estrategica-andorra\/"]}]},{"@type":"ImageObject","inLanguage":"es","@id":"https:\/\/pampliegaassociats.com\/es\/pampliega-associats-filosofia-comunicacion-estrategica-andorra\/#primaryimage","url":"https:\/\/pampliegaassociats.com\/wp-content\/uploads\/2020\/10\/imatge-4.png","contentUrl":"https:\/\/pampliegaassociats.com\/wp-content\/uploads\/2020\/10\/imatge-4.png"},{"@type":"BreadcrumbList","@id":"https:\/\/pampliegaassociats.com\/es\/pampliega-associats-filosofia-comunicacion-estrategica-andorra\/#breadcrumb","itemListElement":[{"@type":"ListItem","position":1,"name":"Portada","item":"https:\/\/pampliegaassociats.com\/es\/"},{"@type":"ListItem","position":2,"name":"Filosof\u00eda P&#038;A"}]},{"@type":"WebSite","@id":"https:\/\/pampliegaassociats.com\/#website","url":"https:\/\/pampliegaassociats.com\/","name":"Pampliega &amp; Associats","description":"Comunicaci\u00f3 Estrat\u00e8gica Reputaci\u00f3 i Gesti\u00f3 de crisi","publisher":{"@id":"https:\/\/pampliegaassociats.com\/#organization"},"potentialAction":[{"@type":"SearchAction","target":{"@type":"EntryPoint","urlTemplate":"https:\/\/pampliegaassociats.com\/?s={search_term_string}"},"query-input":{"@type":"PropertyValueSpecification","valueRequired":true,"valueName":"search_term_string"}}],"inLanguage":"es"},{"@type":"Organization","@id":"https:\/\/pampliegaassociats.com\/#organization","name":"Pampliega & Associats","url":"https:\/\/pampliegaassociats.com\/","logo":{"@type":"ImageObject","inLanguage":"es","@id":"https:\/\/pampliegaassociats.com\/#\/schema\/logo\/image\/","url":"https:\/\/pampliegaassociats.com\/wp-content\/uploads\/2019\/02\/logo_pampliega_associats.png","contentUrl":"https:\/\/pampliegaassociats.com\/wp-content\/uploads\/2019\/02\/logo_pampliega_associats.png","width":220,"height":110,"caption":"Pampliega & Associats"},"image":{"@id":"https:\/\/pampliegaassociats.com\/#\/schema\/logo\/image\/"}}]}},"featured_image_src":null,"featured_image_src_square":null,"_links":{"self":[{"href":"https:\/\/pampliegaassociats.com\/es\/wp-json\/wp\/v2\/pages\/1508","targetHints":{"allow":["GET"]}}],"collection":[{"href":"https:\/\/pampliegaassociats.com\/es\/wp-json\/wp\/v2\/pages"}],"about":[{"href":"https:\/\/pampliegaassociats.com\/es\/wp-json\/wp\/v2\/types\/page"}],"author":[{"embeddable":true,"href":"https:\/\/pampliegaassociats.com\/es\/wp-json\/wp\/v2\/users\/2"}],"replies":[{"embeddable":true,"href":"https:\/\/pampliegaassociats.com\/es\/wp-json\/wp\/v2\/comments?post=1508"}],"version-history":[{"count":3,"href":"https:\/\/pampliegaassociats.com\/es\/wp-json\/wp\/v2\/pages\/1508\/revisions"}],"predecessor-version":[{"id":1514,"href":"https:\/\/pampliegaassociats.com\/es\/wp-json\/wp\/v2\/pages\/1508\/revisions\/1514"}],"wp:attachment":[{"href":"https:\/\/pampliegaassociats.com\/es\/wp-json\/wp\/v2\/media?parent=1508"}],"curies":[{"name":"wp","href":"https:\/\/api.w.org\/{rel}","templated":true}]}}