{"id":522,"date":"2019-04-26T17:30:02","date_gmt":"2019-04-26T15:30:02","guid":{"rendered":"https:\/\/pampliegaassociats.com\/?page_id=522"},"modified":"2024-07-04T10:49:15","modified_gmt":"2024-07-04T08:49:15","slug":"advice-on-corporate-reputation","status":"publish","type":"page","link":"https:\/\/pampliegaassociats.com\/en\/advice-on-corporate-reputation\/","title":{"rendered":"Advice on Corporate Reputation"},"content":{"rendered":"\n<div class=\"wp-block-columns alignwide has-3-columns column_inside_01 is-layout-flex wp-container-core-columns-is-layout-9d6595d7 wp-block-columns-is-layout-flex\">\n<div class=\"wp-block-column is-layout-flow wp-block-column-is-layout-flow\">\n<div class=\"wp-block-ga-block-animation-block\"><div style=\"z-index:1\" class=\"gutenberg-animate-block animated hide-before no-delay slow\" data-in=\"fadeIn\" data-reset=\"false\" data-emergence=\"hidden\">\n<figure class=\"wp-block-image\"><img loading=\"lazy\" decoding=\"async\" width=\"239\" height=\"456\" src=\"https:\/\/pampliegaassociats.com\/wp-content\/uploads\/2019\/02\/img_inside_reputacio_corp.jpg\" alt=\"Assessorament en \u2028Reputaci\u00f3 corporativa\" class=\"wp-image-234\" srcset=\"https:\/\/pampliegaassociats.com\/wp-content\/uploads\/2019\/02\/img_inside_reputacio_corp.jpg 239w, https:\/\/pampliegaassociats.com\/wp-content\/uploads\/2019\/02\/img_inside_reputacio_corp-79x150.jpg 79w, https:\/\/pampliegaassociats.com\/wp-content\/uploads\/2019\/02\/img_inside_reputacio_corp-157x300.jpg 157w\" sizes=\"auto, (max-width: 239px) 100vw, 239px\" \/><\/figure>\n<\/div><\/div>\n<\/div>\n\n\n\n<div class=\"wp-block-column is-layout-flow wp-block-column-is-layout-flow\">\n<h1 class=\"wp-block-heading title_inside_02\"><strong>Advice on <\/strong> <br>Corporate Reputation<\/h1>\n\n\n\n<p class=\"summary_page_inside\"> &#8220;We safeguard our clients&#8217; reputations&#8221;. <br>  Thoroughness. Coherence. Integrity. Confidentiality. <\/p>\n\n\n\n<p>Understanding the organisation&#8217;s vision, its activity and the threats and opportunities inherent in its immediate environment help us to manage its reputation from a global perspective, thereby enhancing its: <\/p>\n\n\n\n<ul class=\"list_box wp-block-list\">\n<li>Awareness<\/li>\n\n\n\n<li>Social      relevance<\/li>\n<\/ul>\n\n\n\n<p><strong>Reputation is provided by the perception of public opinion and target groups.<\/strong><\/p>\n\n\n\n<p>Its fragility is a threat <em>per se<\/em>. A reputation can take decades to build up but can be lost in a minute.<\/p>\n\n\n\n<p class=\"box_destacado\"><strong>We strive to make companies more sustainable and resilient, applying a value-based approach focusing on reputation to ensure long-lasting business.<\/strong><\/p>\n\n\n\n<h2 class=\"wp-block-heading\"><strong>Services:<\/strong><\/h2>\n\n\n\n<p><strong>Reputation plan<\/strong><\/p>\n\n\n\n<p>Activation of the following levers to improve perception across all stakeholders:<\/p>\n\n\n\n<ul class=\"list_box wp-block-list\">\n<li>Ethics      and good governance<\/li>\n\n\n\n<li>Brand      values and Corporate culture<\/li>\n\n\n\n<li>Management      of public opinion<\/li>\n\n\n\n<li>Corporate      Social Responsibility programmes<\/li>\n\n\n\n<li>Reputational risk management<\/li>\n\n\n\n<li>Institutional      Relations programmes<\/li>\n\n\n\n<li>Quality      and innovation<\/li>\n<\/ul>\n<\/div>\n\n\n\n<div class=\"wp-block-column inside_sidebar is-layout-flow wp-block-column-is-layout-flow\">\n<h4 class=\"wp-block-heading\">Services<\/h4>\n\n\n<ul id=\"menu-services\" class=\"menu serveis_menu\"><li id=\"menu-item-566\" class=\"menu-item menu-item-type-post_type menu-item-object-page menu-item-566\"><a href=\"https:\/\/pampliegaassociats.com\/en\/consultancy-in-strategic-communication\/\">Consultancy in Strategic Communication<\/a><\/li>\n<li id=\"menu-item-565\" class=\"menu-item menu-item-type-post_type menu-item-object-page menu-item-565\"><a href=\"https:\/\/pampliegaassociats.com\/en\/advice-on-corporate-reputation\/\">Advice on Corporate Reputation<\/a><\/li>\n<li id=\"menu-item-564\" class=\"menu-item menu-item-type-post_type menu-item-object-page menu-item-564\"><a href=\"https:\/\/pampliegaassociats.com\/en\/crisis-management\/\">Crisis Management<\/a><\/li>\n<li id=\"menu-item-563\" class=\"menu-item menu-item-type-post_type menu-item-object-page menu-item-563\"><a href=\"https:\/\/pampliegaassociats.com\/en\/project-managing-services\/\">Project Managing Services<\/a><\/li>\n<li id=\"menu-item-4518\" class=\"menu-item menu-item-type-post_type menu-item-object-page menu-item-4518\"><a href=\"https:\/\/pampliegaassociats.com\/en\/spokesperson-training\/\">Spokesperson training<\/a><\/li>\n<li id=\"menu-item-4517\" class=\"menu-item menu-item-type-post_type menu-item-object-page menu-item-4517\"><a href=\"https:\/\/pampliegaassociats.com\/en\/brand-and-strategic-positioning\/\">Brand and Strategic Positioning<\/a><\/li>\n<\/ul>\n<\/div>\n<\/div>\n\n\n\n<p><\/p>\n","protected":false},"excerpt":{"rendered":"<p>Advice on Corporate Reputation &#8220;We safeguard our clients&#8217; reputations&#8221;. Thoroughness. Coherence. Integrity. Confidentiality. Understanding the organisation&#8217;s vision, its activity and the threats and opportunities inherent in its immediate environment help us to manage its reputation from a global perspective, thereby enhancing its: Reputation is provided by the perception of public opinion and target groups. Its &hellip; <\/p>\n<p class=\"link-more\"><a href=\"https:\/\/pampliegaassociats.com\/en\/advice-on-corporate-reputation\/\" class=\"more-link\">Continue reading<span class=\"screen-reader-text\"> &#8220;Advice on Corporate Reputation&#8221;<\/span><\/a><\/p>\n","protected":false},"author":1,"featured_media":0,"parent":0,"menu_order":0,"comment_status":"closed","ping_status":"closed","template":"","meta":{"footnotes":""},"class_list":["post-522","page","type-page","status-publish","hentry","entry"],"yoast_head":"<!-- This site is optimized with the Yoast SEO plugin v26.7 - https:\/\/yoast.com\/wordpress\/plugins\/seo\/ -->\n<title>Advice on Corporate Reputation - Pampliega &amp; Associats<\/title>\n<meta name=\"robots\" content=\"index, follow, max-snippet:-1, max-image-preview:large, max-video-preview:-1\" \/>\n<link rel=\"canonical\" href=\"https:\/\/pampliegaassociats.com\/en\/advice-on-corporate-reputation\/\" \/>\n<meta property=\"og:locale\" content=\"en_US\" \/>\n<meta property=\"og:type\" content=\"article\" \/>\n<meta property=\"og:title\" content=\"Advice on Corporate Reputation - Pampliega &amp; Associats\" \/>\n<meta property=\"og:description\" content=\"Advice on Corporate Reputation &#8220;We safeguard our clients&#8217; reputations&#8221;. Thoroughness. Coherence. Integrity. Confidentiality. Understanding the organisation&#8217;s vision, its activity and the threats and opportunities inherent in its immediate environment help us to manage its reputation from a global perspective, thereby enhancing its: Reputation is provided by the perception of public opinion and target groups. Its &hellip; Continue reading &quot;Advice on Corporate Reputation&quot;\" \/>\n<meta property=\"og:url\" content=\"https:\/\/pampliegaassociats.com\/en\/advice-on-corporate-reputation\/\" \/>\n<meta property=\"og:site_name\" content=\"Pampliega &amp; Associats\" \/>\n<meta property=\"article:modified_time\" content=\"2024-07-04T08:49:15+00:00\" \/>\n<meta property=\"og:image\" content=\"https:\/\/pampliegaassociats.com\/wp-content\/uploads\/2019\/02\/img_inside_reputacio_corp.jpg\" \/>\n<meta name=\"twitter:card\" content=\"summary_large_image\" \/>\n<meta name=\"twitter:label1\" content=\"Est. reading time\" \/>\n\t<meta name=\"twitter:data1\" content=\"2 minutes\" \/>\n<script type=\"application\/ld+json\" class=\"yoast-schema-graph\">{\"@context\":\"https:\/\/schema.org\",\"@graph\":[{\"@type\":\"WebPage\",\"@id\":\"https:\/\/pampliegaassociats.com\/en\/advice-on-corporate-reputation\/\",\"url\":\"https:\/\/pampliegaassociats.com\/en\/advice-on-corporate-reputation\/\",\"name\":\"Advice on Corporate Reputation - Pampliega &amp; Associats\",\"isPartOf\":{\"@id\":\"https:\/\/pampliegaassociats.com\/#website\"},\"primaryImageOfPage\":{\"@id\":\"https:\/\/pampliegaassociats.com\/en\/advice-on-corporate-reputation\/#primaryimage\"},\"image\":{\"@id\":\"https:\/\/pampliegaassociats.com\/en\/advice-on-corporate-reputation\/#primaryimage\"},\"thumbnailUrl\":\"https:\/\/pampliegaassociats.com\/wp-content\/uploads\/2019\/02\/img_inside_reputacio_corp.jpg\",\"datePublished\":\"2019-04-26T15:30:02+00:00\",\"dateModified\":\"2024-07-04T08:49:15+00:00\",\"breadcrumb\":{\"@id\":\"https:\/\/pampliegaassociats.com\/en\/advice-on-corporate-reputation\/#breadcrumb\"},\"inLanguage\":\"en-US\",\"potentialAction\":[{\"@type\":\"ReadAction\",\"target\":[\"https:\/\/pampliegaassociats.com\/en\/advice-on-corporate-reputation\/\"]}]},{\"@type\":\"ImageObject\",\"inLanguage\":\"en-US\",\"@id\":\"https:\/\/pampliegaassociats.com\/en\/advice-on-corporate-reputation\/#primaryimage\",\"url\":\"https:\/\/pampliegaassociats.com\/wp-content\/uploads\/2019\/02\/img_inside_reputacio_corp.jpg\",\"contentUrl\":\"https:\/\/pampliegaassociats.com\/wp-content\/uploads\/2019\/02\/img_inside_reputacio_corp.jpg\"},{\"@type\":\"BreadcrumbList\",\"@id\":\"https:\/\/pampliegaassociats.com\/en\/advice-on-corporate-reputation\/#breadcrumb\",\"itemListElement\":[{\"@type\":\"ListItem\",\"position\":1,\"name\":\"Portada\",\"item\":\"https:\/\/pampliegaassociats.com\/en\/\"},{\"@type\":\"ListItem\",\"position\":2,\"name\":\"Advice on Corporate Reputation\"}]},{\"@type\":\"WebSite\",\"@id\":\"https:\/\/pampliegaassociats.com\/#website\",\"url\":\"https:\/\/pampliegaassociats.com\/\",\"name\":\"Pampliega &amp; Associats\",\"description\":\"Comunicaci\u00f3 Estrat\u00e8gica Reputaci\u00f3 i Gesti\u00f3 de crisi\",\"publisher\":{\"@id\":\"https:\/\/pampliegaassociats.com\/#organization\"},\"potentialAction\":[{\"@type\":\"SearchAction\",\"target\":{\"@type\":\"EntryPoint\",\"urlTemplate\":\"https:\/\/pampliegaassociats.com\/?s={search_term_string}\"},\"query-input\":{\"@type\":\"PropertyValueSpecification\",\"valueRequired\":true,\"valueName\":\"search_term_string\"}}],\"inLanguage\":\"en-US\"},{\"@type\":\"Organization\",\"@id\":\"https:\/\/pampliegaassociats.com\/#organization\",\"name\":\"Pampliega & Associats\",\"url\":\"https:\/\/pampliegaassociats.com\/\",\"logo\":{\"@type\":\"ImageObject\",\"inLanguage\":\"en-US\",\"@id\":\"https:\/\/pampliegaassociats.com\/#\/schema\/logo\/image\/\",\"url\":\"https:\/\/pampliegaassociats.com\/wp-content\/uploads\/2019\/02\/logo_pampliega_associats.png\",\"contentUrl\":\"https:\/\/pampliegaassociats.com\/wp-content\/uploads\/2019\/02\/logo_pampliega_associats.png\",\"width\":220,\"height\":110,\"caption\":\"Pampliega & Associats\"},\"image\":{\"@id\":\"https:\/\/pampliegaassociats.com\/#\/schema\/logo\/image\/\"}}]}<\/script>\n<!-- \/ Yoast SEO plugin. -->","yoast_head_json":{"title":"Advice on Corporate Reputation - Pampliega &amp; Associats","robots":{"index":"index","follow":"follow","max-snippet":"max-snippet:-1","max-image-preview":"max-image-preview:large","max-video-preview":"max-video-preview:-1"},"canonical":"https:\/\/pampliegaassociats.com\/en\/advice-on-corporate-reputation\/","og_locale":"en_US","og_type":"article","og_title":"Advice on Corporate Reputation - Pampliega &amp; Associats","og_description":"Advice on Corporate Reputation &#8220;We safeguard our clients&#8217; reputations&#8221;. Thoroughness. Coherence. Integrity. Confidentiality. Understanding the organisation&#8217;s vision, its activity and the threats and opportunities inherent in its immediate environment help us to manage its reputation from a global perspective, thereby enhancing its: Reputation is provided by the perception of public opinion and target groups. Its &hellip; Continue reading \"Advice on Corporate Reputation\"","og_url":"https:\/\/pampliegaassociats.com\/en\/advice-on-corporate-reputation\/","og_site_name":"Pampliega &amp; Associats","article_modified_time":"2024-07-04T08:49:15+00:00","og_image":[{"url":"https:\/\/pampliegaassociats.com\/wp-content\/uploads\/2019\/02\/img_inside_reputacio_corp.jpg","type":"","width":"","height":""}],"twitter_card":"summary_large_image","twitter_misc":{"Est. reading time":"2 minutes"},"schema":{"@context":"https:\/\/schema.org","@graph":[{"@type":"WebPage","@id":"https:\/\/pampliegaassociats.com\/en\/advice-on-corporate-reputation\/","url":"https:\/\/pampliegaassociats.com\/en\/advice-on-corporate-reputation\/","name":"Advice on Corporate Reputation - Pampliega &amp; Associats","isPartOf":{"@id":"https:\/\/pampliegaassociats.com\/#website"},"primaryImageOfPage":{"@id":"https:\/\/pampliegaassociats.com\/en\/advice-on-corporate-reputation\/#primaryimage"},"image":{"@id":"https:\/\/pampliegaassociats.com\/en\/advice-on-corporate-reputation\/#primaryimage"},"thumbnailUrl":"https:\/\/pampliegaassociats.com\/wp-content\/uploads\/2019\/02\/img_inside_reputacio_corp.jpg","datePublished":"2019-04-26T15:30:02+00:00","dateModified":"2024-07-04T08:49:15+00:00","breadcrumb":{"@id":"https:\/\/pampliegaassociats.com\/en\/advice-on-corporate-reputation\/#breadcrumb"},"inLanguage":"en-US","potentialAction":[{"@type":"ReadAction","target":["https:\/\/pampliegaassociats.com\/en\/advice-on-corporate-reputation\/"]}]},{"@type":"ImageObject","inLanguage":"en-US","@id":"https:\/\/pampliegaassociats.com\/en\/advice-on-corporate-reputation\/#primaryimage","url":"https:\/\/pampliegaassociats.com\/wp-content\/uploads\/2019\/02\/img_inside_reputacio_corp.jpg","contentUrl":"https:\/\/pampliegaassociats.com\/wp-content\/uploads\/2019\/02\/img_inside_reputacio_corp.jpg"},{"@type":"BreadcrumbList","@id":"https:\/\/pampliegaassociats.com\/en\/advice-on-corporate-reputation\/#breadcrumb","itemListElement":[{"@type":"ListItem","position":1,"name":"Portada","item":"https:\/\/pampliegaassociats.com\/en\/"},{"@type":"ListItem","position":2,"name":"Advice on Corporate Reputation"}]},{"@type":"WebSite","@id":"https:\/\/pampliegaassociats.com\/#website","url":"https:\/\/pampliegaassociats.com\/","name":"Pampliega &amp; Associats","description":"Comunicaci\u00f3 Estrat\u00e8gica Reputaci\u00f3 i Gesti\u00f3 de crisi","publisher":{"@id":"https:\/\/pampliegaassociats.com\/#organization"},"potentialAction":[{"@type":"SearchAction","target":{"@type":"EntryPoint","urlTemplate":"https:\/\/pampliegaassociats.com\/?s={search_term_string}"},"query-input":{"@type":"PropertyValueSpecification","valueRequired":true,"valueName":"search_term_string"}}],"inLanguage":"en-US"},{"@type":"Organization","@id":"https:\/\/pampliegaassociats.com\/#organization","name":"Pampliega & Associats","url":"https:\/\/pampliegaassociats.com\/","logo":{"@type":"ImageObject","inLanguage":"en-US","@id":"https:\/\/pampliegaassociats.com\/#\/schema\/logo\/image\/","url":"https:\/\/pampliegaassociats.com\/wp-content\/uploads\/2019\/02\/logo_pampliega_associats.png","contentUrl":"https:\/\/pampliegaassociats.com\/wp-content\/uploads\/2019\/02\/logo_pampliega_associats.png","width":220,"height":110,"caption":"Pampliega & Associats"},"image":{"@id":"https:\/\/pampliegaassociats.com\/#\/schema\/logo\/image\/"}}]}},"featured_image_src":null,"featured_image_src_square":null,"_links":{"self":[{"href":"https:\/\/pampliegaassociats.com\/en\/wp-json\/wp\/v2\/pages\/522","targetHints":{"allow":["GET"]}}],"collection":[{"href":"https:\/\/pampliegaassociats.com\/en\/wp-json\/wp\/v2\/pages"}],"about":[{"href":"https:\/\/pampliegaassociats.com\/en\/wp-json\/wp\/v2\/types\/page"}],"author":[{"embeddable":true,"href":"https:\/\/pampliegaassociats.com\/en\/wp-json\/wp\/v2\/users\/1"}],"replies":[{"embeddable":true,"href":"https:\/\/pampliegaassociats.com\/en\/wp-json\/wp\/v2\/comments?post=522"}],"version-history":[{"count":6,"href":"https:\/\/pampliegaassociats.com\/en\/wp-json\/wp\/v2\/pages\/522\/revisions"}],"predecessor-version":[{"id":6566,"href":"https:\/\/pampliegaassociats.com\/en\/wp-json\/wp\/v2\/pages\/522\/revisions\/6566"}],"wp:attachment":[{"href":"https:\/\/pampliegaassociats.com\/en\/wp-json\/wp\/v2\/media?parent=522"}],"curies":[{"name":"wp","href":"https:\/\/api.w.org\/{rel}","templated":true}]}}