{"id":519,"date":"2019-04-26T17:23:34","date_gmt":"2019-04-26T15:23:34","guid":{"rendered":"https:\/\/pampliegaassociats.com\/?page_id=519"},"modified":"2024-07-04T10:48:43","modified_gmt":"2024-07-04T08:48:43","slug":"consultancy-in-strategic-communication","status":"publish","type":"page","link":"https:\/\/pampliegaassociats.com\/en\/consultancy-in-strategic-communication\/","title":{"rendered":"Consultancy in Strategic Communication"},"content":{"rendered":"\n<div class=\"wp-block-columns alignwide has-3-columns column_inside_01 is-layout-flex wp-container-core-columns-is-layout-9d6595d7 wp-block-columns-is-layout-flex\">\n<div class=\"wp-block-column is-layout-flow wp-block-column-is-layout-flow\">\n<div class=\"wp-block-ga-block-animation-block\"><div style=\"z-index:1\" class=\"gutenberg-animate-block animated hide-before no-delay slow\" data-in=\"fadeIn\" data-reset=\"false\" data-emergence=\"hidden\">\n<figure class=\"wp-block-image\"><img loading=\"lazy\" decoding=\"async\" width=\"239\" height=\"456\" src=\"https:\/\/pampliegaassociats.com\/wp-content\/uploads\/2019\/02\/img_inside_consultoria.jpg\" alt=\"Consultoria en Comunicaci\u00f3 estrat\u00e8gica\" class=\"wp-image-156\" srcset=\"https:\/\/pampliegaassociats.com\/wp-content\/uploads\/2019\/02\/img_inside_consultoria.jpg 239w, https:\/\/pampliegaassociats.com\/wp-content\/uploads\/2019\/02\/img_inside_consultoria-79x150.jpg 79w, https:\/\/pampliegaassociats.com\/wp-content\/uploads\/2019\/02\/img_inside_consultoria-157x300.jpg 157w\" sizes=\"auto, (max-width: 239px) 100vw, 239px\" \/><\/figure>\n<\/div><\/div>\n<\/div>\n\n\n\n<div class=\"wp-block-column is-layout-flow wp-block-column-is-layout-flow\">\n<h1 class=\"wp-block-heading title_inside_01\"><strong>Consultancy in <\/strong>Strategic Communication<\/h1>\n\n\n\n<p class=\"summary_page_inside\">&#8220;We believe in solid brand voices; we project unique identities and help to bring about responsible engagement with stakeholders and markets&#8221;<\/p>\n\n\n\n<p>Strategic communication creates a corporate discourse that ensures our actions are coherent and in line with the brand&#8217;s positioning, the company&#8217;s values and culture and its core business. <\/p>\n\n\n\n<p>Corporate communication must be honest and responsible. It must also respect the organisation&#8217;s mission and vision as it forms the basis of senior management decisions regarding the company&#8217;s activity in terms of its stakeholders.<\/p>\n\n\n\n<p class=\"box_destacado\"><strong>We convey the essence of our clients to public opinion.<\/strong><\/p>\n\n\n\n<h2 class=\"wp-block-heading\"><strong>Services:<\/strong><\/h2>\n\n\n\n<p><strong>General Management, Boards of Directors and management teams services:<\/strong><\/p>\n\n\n\n<ul class=\"wp-block-list\">\n<li>Consultancy and advisory services in strategic communication to create structure and decision making<\/li>\n<\/ul>\n\n\n\n<ul class=\"wp-block-list\">\n<li>Strategic processes of digital transformation and repositioning the company in various key sectors<strong> <\/strong><\/li>\n<\/ul>\n\n\n\n<p><strong>Strategic communication plan: definition and implementation<\/strong><\/p>\n\n\n\n<ul class=\"list_box wp-block-list\">\n<li>Define      the territory and positioning <\/li>\n\n\n\n<li>Create      a corporate discourse<\/li>\n\n\n\n<li>Action      plan by stakeholder (internal and external)<\/li>\n\n\n\n<li>Q&amp;A. material      and critical issues for public opinion<\/li>\n<\/ul>\n\n\n\n<p><strong>Structuring communication services<\/strong> <strong>and teams for companies<\/strong><\/p>\n<\/div>\n\n\n\n<div class=\"wp-block-column inside_sidebar is-layout-flow wp-block-column-is-layout-flow\">\n<h4 class=\"wp-block-heading\">Services<\/h4>\n\n\n<ul id=\"menu-services\" class=\"menu serveis_menu\"><li id=\"menu-item-566\" class=\"menu-item menu-item-type-post_type menu-item-object-page menu-item-566\"><a href=\"https:\/\/pampliegaassociats.com\/en\/consultancy-in-strategic-communication\/\">Consultancy in Strategic Communication<\/a><\/li>\n<li id=\"menu-item-565\" class=\"menu-item menu-item-type-post_type menu-item-object-page menu-item-565\"><a href=\"https:\/\/pampliegaassociats.com\/en\/advice-on-corporate-reputation\/\">Advice on Corporate Reputation<\/a><\/li>\n<li id=\"menu-item-564\" class=\"menu-item menu-item-type-post_type menu-item-object-page menu-item-564\"><a href=\"https:\/\/pampliegaassociats.com\/en\/crisis-management\/\">Crisis Management<\/a><\/li>\n<li id=\"menu-item-563\" class=\"menu-item menu-item-type-post_type menu-item-object-page menu-item-563\"><a href=\"https:\/\/pampliegaassociats.com\/en\/project-managing-services\/\">Project Managing Services<\/a><\/li>\n<li id=\"menu-item-4518\" class=\"menu-item menu-item-type-post_type menu-item-object-page menu-item-4518\"><a href=\"https:\/\/pampliegaassociats.com\/en\/spokesperson-training\/\">Spokesperson training<\/a><\/li>\n<li id=\"menu-item-4517\" class=\"menu-item menu-item-type-post_type menu-item-object-page menu-item-4517\"><a href=\"https:\/\/pampliegaassociats.com\/en\/brand-and-strategic-positioning\/\">Brand and Strategic Positioning<\/a><\/li>\n<\/ul>\n<\/div>\n<\/div>\n","protected":false},"excerpt":{"rendered":"<p>Consultancy in Strategic Communication &#8220;We believe in solid brand voices; we project unique identities and help to bring about responsible engagement with stakeholders and markets&#8221; Strategic communication creates a corporate discourse that ensures our actions are coherent and in line with the brand&#8217;s positioning, the company&#8217;s values and culture and its core business. Corporate communication &hellip; <\/p>\n<p class=\"link-more\"><a href=\"https:\/\/pampliegaassociats.com\/en\/consultancy-in-strategic-communication\/\" class=\"more-link\">Continue reading<span class=\"screen-reader-text\"> &#8220;Consultancy in Strategic Communication&#8221;<\/span><\/a><\/p>\n","protected":false},"author":1,"featured_media":0,"parent":0,"menu_order":0,"comment_status":"closed","ping_status":"closed","template":"","meta":{"footnotes":""},"class_list":["post-519","page","type-page","status-publish","hentry","entry"],"yoast_head":"<!-- This site is optimized with the Yoast SEO plugin v26.7 - https:\/\/yoast.com\/wordpress\/plugins\/seo\/ -->\n<title>Consultancy in Strategic Communication - Pampliega &amp; Associats<\/title>\n<meta name=\"robots\" content=\"index, follow, max-snippet:-1, max-image-preview:large, max-video-preview:-1\" \/>\n<link rel=\"canonical\" href=\"https:\/\/pampliegaassociats.com\/en\/consultancy-in-strategic-communication\/\" \/>\n<meta property=\"og:locale\" content=\"en_US\" \/>\n<meta property=\"og:type\" content=\"article\" \/>\n<meta property=\"og:title\" content=\"Consultancy in Strategic Communication - Pampliega &amp; Associats\" \/>\n<meta property=\"og:description\" content=\"Consultancy in Strategic Communication &#8220;We believe in solid brand voices; we project unique identities and help to bring about responsible engagement with stakeholders and markets&#8221; Strategic communication creates a corporate discourse that ensures our actions are coherent and in line with the brand&#8217;s positioning, the company&#8217;s values and culture and its core business. Corporate communication &hellip; Continue reading &quot;Consultancy in Strategic Communication&quot;\" \/>\n<meta property=\"og:url\" content=\"https:\/\/pampliegaassociats.com\/en\/consultancy-in-strategic-communication\/\" \/>\n<meta property=\"og:site_name\" content=\"Pampliega &amp; Associats\" \/>\n<meta property=\"article:modified_time\" content=\"2024-07-04T08:48:43+00:00\" \/>\n<meta property=\"og:image\" content=\"https:\/\/pampliegaassociats.com\/wp-content\/uploads\/2019\/02\/img_inside_consultoria.jpg\" \/>\n<meta name=\"twitter:card\" content=\"summary_large_image\" \/>\n<meta name=\"twitter:label1\" content=\"Est. reading time\" \/>\n\t<meta name=\"twitter:data1\" content=\"3 minutes\" \/>\n<script type=\"application\/ld+json\" class=\"yoast-schema-graph\">{\"@context\":\"https:\/\/schema.org\",\"@graph\":[{\"@type\":\"WebPage\",\"@id\":\"https:\/\/pampliegaassociats.com\/en\/consultancy-in-strategic-communication\/\",\"url\":\"https:\/\/pampliegaassociats.com\/en\/consultancy-in-strategic-communication\/\",\"name\":\"Consultancy in Strategic Communication - Pampliega &amp; Associats\",\"isPartOf\":{\"@id\":\"https:\/\/pampliegaassociats.com\/#website\"},\"primaryImageOfPage\":{\"@id\":\"https:\/\/pampliegaassociats.com\/en\/consultancy-in-strategic-communication\/#primaryimage\"},\"image\":{\"@id\":\"https:\/\/pampliegaassociats.com\/en\/consultancy-in-strategic-communication\/#primaryimage\"},\"thumbnailUrl\":\"https:\/\/pampliegaassociats.com\/wp-content\/uploads\/2019\/02\/img_inside_consultoria.jpg\",\"datePublished\":\"2019-04-26T15:23:34+00:00\",\"dateModified\":\"2024-07-04T08:48:43+00:00\",\"breadcrumb\":{\"@id\":\"https:\/\/pampliegaassociats.com\/en\/consultancy-in-strategic-communication\/#breadcrumb\"},\"inLanguage\":\"en-US\",\"potentialAction\":[{\"@type\":\"ReadAction\",\"target\":[\"https:\/\/pampliegaassociats.com\/en\/consultancy-in-strategic-communication\/\"]}]},{\"@type\":\"ImageObject\",\"inLanguage\":\"en-US\",\"@id\":\"https:\/\/pampliegaassociats.com\/en\/consultancy-in-strategic-communication\/#primaryimage\",\"url\":\"https:\/\/pampliegaassociats.com\/wp-content\/uploads\/2019\/02\/img_inside_consultoria.jpg\",\"contentUrl\":\"https:\/\/pampliegaassociats.com\/wp-content\/uploads\/2019\/02\/img_inside_consultoria.jpg\"},{\"@type\":\"BreadcrumbList\",\"@id\":\"https:\/\/pampliegaassociats.com\/en\/consultancy-in-strategic-communication\/#breadcrumb\",\"itemListElement\":[{\"@type\":\"ListItem\",\"position\":1,\"name\":\"Portada\",\"item\":\"https:\/\/pampliegaassociats.com\/en\/\"},{\"@type\":\"ListItem\",\"position\":2,\"name\":\"Consultancy in Strategic Communication\"}]},{\"@type\":\"WebSite\",\"@id\":\"https:\/\/pampliegaassociats.com\/#website\",\"url\":\"https:\/\/pampliegaassociats.com\/\",\"name\":\"Pampliega &amp; Associats\",\"description\":\"Comunicaci\u00f3 Estrat\u00e8gica Reputaci\u00f3 i Gesti\u00f3 de crisi\",\"publisher\":{\"@id\":\"https:\/\/pampliegaassociats.com\/#organization\"},\"potentialAction\":[{\"@type\":\"SearchAction\",\"target\":{\"@type\":\"EntryPoint\",\"urlTemplate\":\"https:\/\/pampliegaassociats.com\/?s={search_term_string}\"},\"query-input\":{\"@type\":\"PropertyValueSpecification\",\"valueRequired\":true,\"valueName\":\"search_term_string\"}}],\"inLanguage\":\"en-US\"},{\"@type\":\"Organization\",\"@id\":\"https:\/\/pampliegaassociats.com\/#organization\",\"name\":\"Pampliega & Associats\",\"url\":\"https:\/\/pampliegaassociats.com\/\",\"logo\":{\"@type\":\"ImageObject\",\"inLanguage\":\"en-US\",\"@id\":\"https:\/\/pampliegaassociats.com\/#\/schema\/logo\/image\/\",\"url\":\"https:\/\/pampliegaassociats.com\/wp-content\/uploads\/2019\/02\/logo_pampliega_associats.png\",\"contentUrl\":\"https:\/\/pampliegaassociats.com\/wp-content\/uploads\/2019\/02\/logo_pampliega_associats.png\",\"width\":220,\"height\":110,\"caption\":\"Pampliega & Associats\"},\"image\":{\"@id\":\"https:\/\/pampliegaassociats.com\/#\/schema\/logo\/image\/\"}}]}<\/script>\n<!-- \/ Yoast SEO plugin. -->","yoast_head_json":{"title":"Consultancy in Strategic Communication - Pampliega &amp; Associats","robots":{"index":"index","follow":"follow","max-snippet":"max-snippet:-1","max-image-preview":"max-image-preview:large","max-video-preview":"max-video-preview:-1"},"canonical":"https:\/\/pampliegaassociats.com\/en\/consultancy-in-strategic-communication\/","og_locale":"en_US","og_type":"article","og_title":"Consultancy in Strategic Communication - Pampliega &amp; Associats","og_description":"Consultancy in Strategic Communication &#8220;We believe in solid brand voices; we project unique identities and help to bring about responsible engagement with stakeholders and markets&#8221; Strategic communication creates a corporate discourse that ensures our actions are coherent and in line with the brand&#8217;s positioning, the company&#8217;s values and culture and its core business. Corporate communication &hellip; Continue reading \"Consultancy in Strategic Communication\"","og_url":"https:\/\/pampliegaassociats.com\/en\/consultancy-in-strategic-communication\/","og_site_name":"Pampliega &amp; Associats","article_modified_time":"2024-07-04T08:48:43+00:00","og_image":[{"url":"https:\/\/pampliegaassociats.com\/wp-content\/uploads\/2019\/02\/img_inside_consultoria.jpg","type":"","width":"","height":""}],"twitter_card":"summary_large_image","twitter_misc":{"Est. reading time":"3 minutes"},"schema":{"@context":"https:\/\/schema.org","@graph":[{"@type":"WebPage","@id":"https:\/\/pampliegaassociats.com\/en\/consultancy-in-strategic-communication\/","url":"https:\/\/pampliegaassociats.com\/en\/consultancy-in-strategic-communication\/","name":"Consultancy in Strategic Communication - Pampliega &amp; Associats","isPartOf":{"@id":"https:\/\/pampliegaassociats.com\/#website"},"primaryImageOfPage":{"@id":"https:\/\/pampliegaassociats.com\/en\/consultancy-in-strategic-communication\/#primaryimage"},"image":{"@id":"https:\/\/pampliegaassociats.com\/en\/consultancy-in-strategic-communication\/#primaryimage"},"thumbnailUrl":"https:\/\/pampliegaassociats.com\/wp-content\/uploads\/2019\/02\/img_inside_consultoria.jpg","datePublished":"2019-04-26T15:23:34+00:00","dateModified":"2024-07-04T08:48:43+00:00","breadcrumb":{"@id":"https:\/\/pampliegaassociats.com\/en\/consultancy-in-strategic-communication\/#breadcrumb"},"inLanguage":"en-US","potentialAction":[{"@type":"ReadAction","target":["https:\/\/pampliegaassociats.com\/en\/consultancy-in-strategic-communication\/"]}]},{"@type":"ImageObject","inLanguage":"en-US","@id":"https:\/\/pampliegaassociats.com\/en\/consultancy-in-strategic-communication\/#primaryimage","url":"https:\/\/pampliegaassociats.com\/wp-content\/uploads\/2019\/02\/img_inside_consultoria.jpg","contentUrl":"https:\/\/pampliegaassociats.com\/wp-content\/uploads\/2019\/02\/img_inside_consultoria.jpg"},{"@type":"BreadcrumbList","@id":"https:\/\/pampliegaassociats.com\/en\/consultancy-in-strategic-communication\/#breadcrumb","itemListElement":[{"@type":"ListItem","position":1,"name":"Portada","item":"https:\/\/pampliegaassociats.com\/en\/"},{"@type":"ListItem","position":2,"name":"Consultancy in Strategic Communication"}]},{"@type":"WebSite","@id":"https:\/\/pampliegaassociats.com\/#website","url":"https:\/\/pampliegaassociats.com\/","name":"Pampliega &amp; Associats","description":"Comunicaci\u00f3 Estrat\u00e8gica Reputaci\u00f3 i Gesti\u00f3 de crisi","publisher":{"@id":"https:\/\/pampliegaassociats.com\/#organization"},"potentialAction":[{"@type":"SearchAction","target":{"@type":"EntryPoint","urlTemplate":"https:\/\/pampliegaassociats.com\/?s={search_term_string}"},"query-input":{"@type":"PropertyValueSpecification","valueRequired":true,"valueName":"search_term_string"}}],"inLanguage":"en-US"},{"@type":"Organization","@id":"https:\/\/pampliegaassociats.com\/#organization","name":"Pampliega & Associats","url":"https:\/\/pampliegaassociats.com\/","logo":{"@type":"ImageObject","inLanguage":"en-US","@id":"https:\/\/pampliegaassociats.com\/#\/schema\/logo\/image\/","url":"https:\/\/pampliegaassociats.com\/wp-content\/uploads\/2019\/02\/logo_pampliega_associats.png","contentUrl":"https:\/\/pampliegaassociats.com\/wp-content\/uploads\/2019\/02\/logo_pampliega_associats.png","width":220,"height":110,"caption":"Pampliega & Associats"},"image":{"@id":"https:\/\/pampliegaassociats.com\/#\/schema\/logo\/image\/"}}]}},"featured_image_src":null,"featured_image_src_square":null,"_links":{"self":[{"href":"https:\/\/pampliegaassociats.com\/en\/wp-json\/wp\/v2\/pages\/519","targetHints":{"allow":["GET"]}}],"collection":[{"href":"https:\/\/pampliegaassociats.com\/en\/wp-json\/wp\/v2\/pages"}],"about":[{"href":"https:\/\/pampliegaassociats.com\/en\/wp-json\/wp\/v2\/types\/page"}],"author":[{"embeddable":true,"href":"https:\/\/pampliegaassociats.com\/en\/wp-json\/wp\/v2\/users\/1"}],"replies":[{"embeddable":true,"href":"https:\/\/pampliegaassociats.com\/en\/wp-json\/wp\/v2\/comments?post=519"}],"version-history":[{"count":9,"href":"https:\/\/pampliegaassociats.com\/en\/wp-json\/wp\/v2\/pages\/519\/revisions"}],"predecessor-version":[{"id":6565,"href":"https:\/\/pampliegaassociats.com\/en\/wp-json\/wp\/v2\/pages\/519\/revisions\/6565"}],"wp:attachment":[{"href":"https:\/\/pampliegaassociats.com\/en\/wp-json\/wp\/v2\/media?parent=519"}],"curies":[{"name":"wp","href":"https:\/\/api.w.org\/{rel}","templated":true}]}}