{"id":2623,"date":"2022-02-07T12:48:51","date_gmt":"2022-02-07T11:48:51","guid":{"rendered":"https:\/\/pampliegaassociats.com\/?page_id=2623"},"modified":"2024-07-04T10:51:52","modified_gmt":"2024-07-04T08:51:52","slug":"spokesperson-training","status":"publish","type":"page","link":"https:\/\/pampliegaassociats.com\/en\/spokesperson-training\/","title":{"rendered":"Spokesperson training"},"content":{"rendered":"\n<div style=\"height:100px\" aria-hidden=\"true\" class=\"wp-block-spacer\"><\/div>\n\n\n\n<div class=\"wp-block-columns is-layout-flex wp-container-core-columns-is-layout-9d6595d7 wp-block-columns-is-layout-flex\">\n<div class=\"wp-block-column is-layout-flow wp-block-column-is-layout-flow\" style=\"flex-basis:22.22%\">\n<figure class=\"wp-block-image size-full\"><img loading=\"lazy\" decoding=\"async\" width=\"414\" height=\"664\" src=\"https:\/\/pampliegaassociats.com\/wp-content\/uploads\/2022\/01\/image.png\" alt=\"\" class=\"wp-image-2573\" srcset=\"https:\/\/pampliegaassociats.com\/wp-content\/uploads\/2022\/01\/image.png 414w, https:\/\/pampliegaassociats.com\/wp-content\/uploads\/2022\/01\/image-187x300.png 187w, https:\/\/pampliegaassociats.com\/wp-content\/uploads\/2022\/01\/image-94x150.png 94w, https:\/\/pampliegaassociats.com\/wp-content\/uploads\/2022\/01\/image-125x200.png 125w\" sizes=\"auto, (max-width: 414px) 100vw, 414px\" \/><\/figure>\n<\/div>\n\n\n\n<div class=\"wp-block-column is-layout-flow wp-block-column-is-layout-flow\" style=\"flex-basis:44.45%\">\n<h1 class=\"wp-block-heading title_inside_01\"><strong>Spokesperson <\/strong> <br>training<\/h1>\n\n\n\n<p><strong><strong><strong>\u201cWe train corporate and public institution spokespeople so that they will be able to effectively communicate the goals of their organization to their publics of interest.\u201d<\/strong><\/strong><\/strong><\/p>\n\n\n\n<p>Spokespeople are essential figures as the public link between organizations and the community. Their function is to communicate their organization\u2019s messages persuasively in order to inform and to connect with the public as efficiently as possible.<\/p>\n\n\n\n<p>The success of spokespeople lies in the clarity, honesty, credibility and argumentation of their communications, and above all in their capacity <strong>to connect.<\/strong><\/p>\n\n\n\n<h2 class=\"wp-block-heading\"><strong>Services<\/strong><\/h2>\n\n\n\n<p>Pampliega &amp; Associats offers spokesperson training that is customized to fit the needs of each person or entity. We adapt the goals of the sessions, the method and the contents as requested, on the basis of a range of specific topics relating to the entity concerned, complemented by pertinent case studies and practical exercises.<\/p>\n\n\n\n<p>By training spokespeople, we assure their command of communication within the organization (internal communication), and of communication with the media and with external publics of interest (external communication), as well as their capacity to communicate in crisis situations. Likewise, we equip them with the tools and resources needed to effectively communicate when speaking in public, providing them with expertise in verbal and non-verbal communication, persuasive communication, and self-management.<\/p>\n\n\n\n<p><strong>Specifically, we take the argument pyramid approach to communication, applying it to:<\/strong><\/p>\n\n\n\n<ul class=\"list_box wp-block-list\">\n<li>Corporate messages for business strategy and for the positioning of entities<\/li>\n\n\n\n<li>Corporate discourse and corporate identity<\/li>\n<\/ul>\n\n\n\n<p><strong>This effectively helps to:<\/strong><\/p>\n\n\n\n<ul class=\"list_box wp-block-list\">\n<li>Strengthen internal communication<\/li>\n\n\n\n<li>Facilitate the development of messages<\/li>\n\n\n\n<li>Enhance managers\u2019 communication skills<\/li>\n\n\n\n<li>Boost spokespeople\u2019s self-confidence level<\/li>\n<\/ul>\n<\/div>\n\n\n\n<div class=\"wp-block-column inside_sidebar is-layout-flow wp-block-column-is-layout-flow\" style=\"flex-basis:33.33%\">\n<h4 class=\"wp-block-heading inside_sidebar\">Services<\/h4>\n\n\n<ul id=\"menu-services\" class=\"menu serveis_menu\"><li id=\"menu-item-566\" class=\"menu-item menu-item-type-post_type menu-item-object-page menu-item-566\"><a href=\"https:\/\/pampliegaassociats.com\/en\/consultancy-in-strategic-communication\/\">Consultancy in Strategic Communication<\/a><\/li>\n<li id=\"menu-item-565\" class=\"menu-item menu-item-type-post_type menu-item-object-page menu-item-565\"><a href=\"https:\/\/pampliegaassociats.com\/en\/advice-on-corporate-reputation\/\">Advice on Corporate Reputation<\/a><\/li>\n<li id=\"menu-item-564\" class=\"menu-item menu-item-type-post_type menu-item-object-page menu-item-564\"><a href=\"https:\/\/pampliegaassociats.com\/en\/crisis-management\/\">Crisis Management<\/a><\/li>\n<li id=\"menu-item-563\" class=\"menu-item menu-item-type-post_type menu-item-object-page menu-item-563\"><a href=\"https:\/\/pampliegaassociats.com\/en\/project-managing-services\/\">Project Managing Services<\/a><\/li>\n<li id=\"menu-item-4518\" class=\"menu-item menu-item-type-post_type menu-item-object-page menu-item-4518\"><a href=\"https:\/\/pampliegaassociats.com\/en\/spokesperson-training\/\">Spokesperson training<\/a><\/li>\n<li id=\"menu-item-4517\" class=\"menu-item menu-item-type-post_type menu-item-object-page menu-item-4517\"><a href=\"https:\/\/pampliegaassociats.com\/en\/brand-and-strategic-positioning\/\">Brand and Strategic Positioning<\/a><\/li>\n<\/ul>\n<\/div>\n<\/div>\n\n\n\n<p><\/p>\n","protected":false},"excerpt":{"rendered":"<p>Spokesperson training \u201cWe train corporate and public institution spokespeople so that they will be able to effectively communicate the goals of their organization to their publics of interest.\u201d Spokespeople are essential figures as the public link between organizations and the community. Their function is to communicate their organization\u2019s messages persuasively in order to inform and &hellip; <\/p>\n<p class=\"link-more\"><a href=\"https:\/\/pampliegaassociats.com\/en\/spokesperson-training\/\" class=\"more-link\">Continue reading<span class=\"screen-reader-text\"> &#8220;Spokesperson training&#8221;<\/span><\/a><\/p>\n","protected":false},"author":1,"featured_media":0,"parent":0,"menu_order":0,"comment_status":"closed","ping_status":"closed","template":"","meta":{"footnotes":""},"class_list":["post-2623","page","type-page","status-publish","hentry","entry"],"yoast_head":"<!-- This site is optimized with the Yoast SEO plugin v26.7 - https:\/\/yoast.com\/wordpress\/plugins\/seo\/ -->\n<title>Spokesperson training - Pampliega &amp; Associats<\/title>\n<meta name=\"robots\" content=\"index, follow, max-snippet:-1, max-image-preview:large, max-video-preview:-1\" \/>\n<link rel=\"canonical\" href=\"https:\/\/pampliegaassociats.com\/en\/spokesperson-training\/\" \/>\n<meta property=\"og:locale\" content=\"en_US\" \/>\n<meta property=\"og:type\" content=\"article\" \/>\n<meta property=\"og:title\" content=\"Spokesperson training - Pampliega &amp; Associats\" \/>\n<meta property=\"og:description\" content=\"Spokesperson training \u201cWe train corporate and public institution spokespeople so that they will be able to effectively communicate the goals of their organization to their publics of interest.\u201d Spokespeople are essential figures as the public link between organizations and the community. Their function is to communicate their organization\u2019s messages persuasively in order to inform and &hellip; Continue reading &quot;Spokesperson training&quot;\" \/>\n<meta property=\"og:url\" content=\"https:\/\/pampliegaassociats.com\/en\/spokesperson-training\/\" \/>\n<meta property=\"og:site_name\" content=\"Pampliega &amp; Associats\" \/>\n<meta property=\"article:modified_time\" content=\"2024-07-04T08:51:52+00:00\" \/>\n<meta property=\"og:image\" content=\"https:\/\/pampliegaassociats.com\/wp-content\/uploads\/2022\/01\/image.png\" \/>\n<meta name=\"twitter:card\" content=\"summary_large_image\" \/>\n<meta name=\"twitter:label1\" content=\"Est. reading time\" \/>\n\t<meta name=\"twitter:data1\" content=\"2 minutes\" \/>\n<script type=\"application\/ld+json\" class=\"yoast-schema-graph\">{\"@context\":\"https:\/\/schema.org\",\"@graph\":[{\"@type\":\"WebPage\",\"@id\":\"https:\/\/pampliegaassociats.com\/en\/spokesperson-training\/\",\"url\":\"https:\/\/pampliegaassociats.com\/en\/spokesperson-training\/\",\"name\":\"Spokesperson training - Pampliega &amp; Associats\",\"isPartOf\":{\"@id\":\"https:\/\/pampliegaassociats.com\/#website\"},\"primaryImageOfPage\":{\"@id\":\"https:\/\/pampliegaassociats.com\/en\/spokesperson-training\/#primaryimage\"},\"image\":{\"@id\":\"https:\/\/pampliegaassociats.com\/en\/spokesperson-training\/#primaryimage\"},\"thumbnailUrl\":\"https:\/\/pampliegaassociats.com\/wp-content\/uploads\/2022\/01\/image.png\",\"datePublished\":\"2022-02-07T11:48:51+00:00\",\"dateModified\":\"2024-07-04T08:51:52+00:00\",\"breadcrumb\":{\"@id\":\"https:\/\/pampliegaassociats.com\/en\/spokesperson-training\/#breadcrumb\"},\"inLanguage\":\"en-US\",\"potentialAction\":[{\"@type\":\"ReadAction\",\"target\":[\"https:\/\/pampliegaassociats.com\/en\/spokesperson-training\/\"]}]},{\"@type\":\"ImageObject\",\"inLanguage\":\"en-US\",\"@id\":\"https:\/\/pampliegaassociats.com\/en\/spokesperson-training\/#primaryimage\",\"url\":\"https:\/\/pampliegaassociats.com\/wp-content\/uploads\/2022\/01\/image.png\",\"contentUrl\":\"https:\/\/pampliegaassociats.com\/wp-content\/uploads\/2022\/01\/image.png\"},{\"@type\":\"BreadcrumbList\",\"@id\":\"https:\/\/pampliegaassociats.com\/en\/spokesperson-training\/#breadcrumb\",\"itemListElement\":[{\"@type\":\"ListItem\",\"position\":1,\"name\":\"Portada\",\"item\":\"https:\/\/pampliegaassociats.com\/en\/\"},{\"@type\":\"ListItem\",\"position\":2,\"name\":\"Spokesperson training\"}]},{\"@type\":\"WebSite\",\"@id\":\"https:\/\/pampliegaassociats.com\/#website\",\"url\":\"https:\/\/pampliegaassociats.com\/\",\"name\":\"Pampliega &amp; Associats\",\"description\":\"Comunicaci\u00f3 Estrat\u00e8gica Reputaci\u00f3 i Gesti\u00f3 de crisi\",\"publisher\":{\"@id\":\"https:\/\/pampliegaassociats.com\/#organization\"},\"potentialAction\":[{\"@type\":\"SearchAction\",\"target\":{\"@type\":\"EntryPoint\",\"urlTemplate\":\"https:\/\/pampliegaassociats.com\/?s={search_term_string}\"},\"query-input\":{\"@type\":\"PropertyValueSpecification\",\"valueRequired\":true,\"valueName\":\"search_term_string\"}}],\"inLanguage\":\"en-US\"},{\"@type\":\"Organization\",\"@id\":\"https:\/\/pampliegaassociats.com\/#organization\",\"name\":\"Pampliega & Associats\",\"url\":\"https:\/\/pampliegaassociats.com\/\",\"logo\":{\"@type\":\"ImageObject\",\"inLanguage\":\"en-US\",\"@id\":\"https:\/\/pampliegaassociats.com\/#\/schema\/logo\/image\/\",\"url\":\"https:\/\/pampliegaassociats.com\/wp-content\/uploads\/2019\/02\/logo_pampliega_associats.png\",\"contentUrl\":\"https:\/\/pampliegaassociats.com\/wp-content\/uploads\/2019\/02\/logo_pampliega_associats.png\",\"width\":220,\"height\":110,\"caption\":\"Pampliega & Associats\"},\"image\":{\"@id\":\"https:\/\/pampliegaassociats.com\/#\/schema\/logo\/image\/\"}}]}<\/script>\n<!-- \/ Yoast SEO plugin. -->","yoast_head_json":{"title":"Spokesperson training - Pampliega &amp; Associats","robots":{"index":"index","follow":"follow","max-snippet":"max-snippet:-1","max-image-preview":"max-image-preview:large","max-video-preview":"max-video-preview:-1"},"canonical":"https:\/\/pampliegaassociats.com\/en\/spokesperson-training\/","og_locale":"en_US","og_type":"article","og_title":"Spokesperson training - Pampliega &amp; Associats","og_description":"Spokesperson training \u201cWe train corporate and public institution spokespeople so that they will be able to effectively communicate the goals of their organization to their publics of interest.\u201d Spokespeople are essential figures as the public link between organizations and the community. Their function is to communicate their organization\u2019s messages persuasively in order to inform and &hellip; Continue reading \"Spokesperson training\"","og_url":"https:\/\/pampliegaassociats.com\/en\/spokesperson-training\/","og_site_name":"Pampliega &amp; Associats","article_modified_time":"2024-07-04T08:51:52+00:00","og_image":[{"url":"https:\/\/pampliegaassociats.com\/wp-content\/uploads\/2022\/01\/image.png","type":"","width":"","height":""}],"twitter_card":"summary_large_image","twitter_misc":{"Est. reading time":"2 minutes"},"schema":{"@context":"https:\/\/schema.org","@graph":[{"@type":"WebPage","@id":"https:\/\/pampliegaassociats.com\/en\/spokesperson-training\/","url":"https:\/\/pampliegaassociats.com\/en\/spokesperson-training\/","name":"Spokesperson training - Pampliega &amp; Associats","isPartOf":{"@id":"https:\/\/pampliegaassociats.com\/#website"},"primaryImageOfPage":{"@id":"https:\/\/pampliegaassociats.com\/en\/spokesperson-training\/#primaryimage"},"image":{"@id":"https:\/\/pampliegaassociats.com\/en\/spokesperson-training\/#primaryimage"},"thumbnailUrl":"https:\/\/pampliegaassociats.com\/wp-content\/uploads\/2022\/01\/image.png","datePublished":"2022-02-07T11:48:51+00:00","dateModified":"2024-07-04T08:51:52+00:00","breadcrumb":{"@id":"https:\/\/pampliegaassociats.com\/en\/spokesperson-training\/#breadcrumb"},"inLanguage":"en-US","potentialAction":[{"@type":"ReadAction","target":["https:\/\/pampliegaassociats.com\/en\/spokesperson-training\/"]}]},{"@type":"ImageObject","inLanguage":"en-US","@id":"https:\/\/pampliegaassociats.com\/en\/spokesperson-training\/#primaryimage","url":"https:\/\/pampliegaassociats.com\/wp-content\/uploads\/2022\/01\/image.png","contentUrl":"https:\/\/pampliegaassociats.com\/wp-content\/uploads\/2022\/01\/image.png"},{"@type":"BreadcrumbList","@id":"https:\/\/pampliegaassociats.com\/en\/spokesperson-training\/#breadcrumb","itemListElement":[{"@type":"ListItem","position":1,"name":"Portada","item":"https:\/\/pampliegaassociats.com\/en\/"},{"@type":"ListItem","position":2,"name":"Spokesperson training"}]},{"@type":"WebSite","@id":"https:\/\/pampliegaassociats.com\/#website","url":"https:\/\/pampliegaassociats.com\/","name":"Pampliega &amp; Associats","description":"Comunicaci\u00f3 Estrat\u00e8gica Reputaci\u00f3 i Gesti\u00f3 de crisi","publisher":{"@id":"https:\/\/pampliegaassociats.com\/#organization"},"potentialAction":[{"@type":"SearchAction","target":{"@type":"EntryPoint","urlTemplate":"https:\/\/pampliegaassociats.com\/?s={search_term_string}"},"query-input":{"@type":"PropertyValueSpecification","valueRequired":true,"valueName":"search_term_string"}}],"inLanguage":"en-US"},{"@type":"Organization","@id":"https:\/\/pampliegaassociats.com\/#organization","name":"Pampliega & Associats","url":"https:\/\/pampliegaassociats.com\/","logo":{"@type":"ImageObject","inLanguage":"en-US","@id":"https:\/\/pampliegaassociats.com\/#\/schema\/logo\/image\/","url":"https:\/\/pampliegaassociats.com\/wp-content\/uploads\/2019\/02\/logo_pampliega_associats.png","contentUrl":"https:\/\/pampliegaassociats.com\/wp-content\/uploads\/2019\/02\/logo_pampliega_associats.png","width":220,"height":110,"caption":"Pampliega & Associats"},"image":{"@id":"https:\/\/pampliegaassociats.com\/#\/schema\/logo\/image\/"}}]}},"featured_image_src":null,"featured_image_src_square":null,"_links":{"self":[{"href":"https:\/\/pampliegaassociats.com\/en\/wp-json\/wp\/v2\/pages\/2623","targetHints":{"allow":["GET"]}}],"collection":[{"href":"https:\/\/pampliegaassociats.com\/en\/wp-json\/wp\/v2\/pages"}],"about":[{"href":"https:\/\/pampliegaassociats.com\/en\/wp-json\/wp\/v2\/types\/page"}],"author":[{"embeddable":true,"href":"https:\/\/pampliegaassociats.com\/en\/wp-json\/wp\/v2\/users\/1"}],"replies":[{"embeddable":true,"href":"https:\/\/pampliegaassociats.com\/en\/wp-json\/wp\/v2\/comments?post=2623"}],"version-history":[{"count":6,"href":"https:\/\/pampliegaassociats.com\/en\/wp-json\/wp\/v2\/pages\/2623\/revisions"}],"predecessor-version":[{"id":6569,"href":"https:\/\/pampliegaassociats.com\/en\/wp-json\/wp\/v2\/pages\/2623\/revisions\/6569"}],"wp:attachment":[{"href":"https:\/\/pampliegaassociats.com\/en\/wp-json\/wp\/v2\/media?parent=2623"}],"curies":[{"name":"wp","href":"https:\/\/api.w.org\/{rel}","templated":true}]}}