{"id":1003,"date":"2020-03-06T10:34:50","date_gmt":"2020-03-06T09:34:50","guid":{"rendered":"https:\/\/pampliegaassociats.com\/?page_id=1003"},"modified":"2020-03-06T11:47:33","modified_gmt":"2020-03-06T10:47:33","slug":"prensa","status":"publish","type":"page","link":"https:\/\/pampliegaassociats.com\/en\/prensa\/","title":{"rendered":"Press"},"content":{"rendered":"\n<h2 class=\"wp-block-heading\">Press<\/h2>\n\n\n\n<ul class=\"wp-block-list\"><li><a href=\"https:\/\/pampliegaassociats.com\/wp-content\/uploads\/2020\/03\/LLYC_NP_Acuerdo_PampliegaAssociats.pdf\">Colaboration agreement Pampliega&amp;Associats and LLYC<\/a><\/li><\/ul>\n","protected":false},"excerpt":{"rendered":"<p>Press Colaboration agreement Pampliega&amp;Associats and LLYC<\/p>\n","protected":false},"author":2,"featured_media":0,"parent":0,"menu_order":0,"comment_status":"closed","ping_status":"closed","template":"","meta":{"footnotes":""},"class_list":["post-1003","page","type-page","status-publish","hentry","entry"],"yoast_head":"<!-- This site is optimized with the Yoast SEO plugin v26.7 - https:\/\/yoast.com\/wordpress\/plugins\/seo\/ -->\n<title>Press - Pampliega &amp; Associats<\/title>\n<meta name=\"robots\" content=\"index, follow, max-snippet:-1, max-image-preview:large, max-video-preview:-1\" \/>\n<link rel=\"canonical\" href=\"https:\/\/pampliegaassociats.com\/en\/prensa\/\" \/>\n<meta property=\"og:locale\" content=\"en_US\" \/>\n<meta property=\"og:type\" content=\"article\" \/>\n<meta property=\"og:title\" content=\"Press - Pampliega &amp; Associats\" \/>\n<meta property=\"og:description\" content=\"Press Colaboration agreement Pampliega&amp;Associats and LLYC\" \/>\n<meta property=\"og:url\" content=\"https:\/\/pampliegaassociats.com\/en\/prensa\/\" \/>\n<meta property=\"og:site_name\" content=\"Pampliega &amp; Associats\" \/>\n<meta property=\"article:modified_time\" content=\"2020-03-06T10:47:33+00:00\" \/>\n<meta name=\"twitter:card\" content=\"summary_large_image\" \/>\n<script type=\"application\/ld+json\" class=\"yoast-schema-graph\">{\"@context\":\"https:\/\/schema.org\",\"@graph\":[{\"@type\":\"WebPage\",\"@id\":\"https:\/\/pampliegaassociats.com\/en\/prensa\/\",\"url\":\"https:\/\/pampliegaassociats.com\/en\/prensa\/\",\"name\":\"Press - Pampliega &amp; Associats\",\"isPartOf\":{\"@id\":\"https:\/\/pampliegaassociats.com\/#website\"},\"datePublished\":\"2020-03-06T09:34:50+00:00\",\"dateModified\":\"2020-03-06T10:47:33+00:00\",\"breadcrumb\":{\"@id\":\"https:\/\/pampliegaassociats.com\/en\/prensa\/#breadcrumb\"},\"inLanguage\":\"en-US\",\"potentialAction\":[{\"@type\":\"ReadAction\",\"target\":[\"https:\/\/pampliegaassociats.com\/en\/prensa\/\"]}]},{\"@type\":\"BreadcrumbList\",\"@id\":\"https:\/\/pampliegaassociats.com\/en\/prensa\/#breadcrumb\",\"itemListElement\":[{\"@type\":\"ListItem\",\"position\":1,\"name\":\"Portada\",\"item\":\"https:\/\/pampliegaassociats.com\/en\/\"},{\"@type\":\"ListItem\",\"position\":2,\"name\":\"Press\"}]},{\"@type\":\"WebSite\",\"@id\":\"https:\/\/pampliegaassociats.com\/#website\",\"url\":\"https:\/\/pampliegaassociats.com\/\",\"name\":\"Pampliega &amp; Associats\",\"description\":\"Comunicaci\u00f3 Estrat\u00e8gica Reputaci\u00f3 i Gesti\u00f3 de crisi\",\"publisher\":{\"@id\":\"https:\/\/pampliegaassociats.com\/#organization\"},\"potentialAction\":[{\"@type\":\"SearchAction\",\"target\":{\"@type\":\"EntryPoint\",\"urlTemplate\":\"https:\/\/pampliegaassociats.com\/?s={search_term_string}\"},\"query-input\":{\"@type\":\"PropertyValueSpecification\",\"valueRequired\":true,\"valueName\":\"search_term_string\"}}],\"inLanguage\":\"en-US\"},{\"@type\":\"Organization\",\"@id\":\"https:\/\/pampliegaassociats.com\/#organization\",\"name\":\"Pampliega & Associats\",\"url\":\"https:\/\/pampliegaassociats.com\/\",\"logo\":{\"@type\":\"ImageObject\",\"inLanguage\":\"en-US\",\"@id\":\"https:\/\/pampliegaassociats.com\/#\/schema\/logo\/image\/\",\"url\":\"https:\/\/pampliegaassociats.com\/wp-content\/uploads\/2019\/02\/logo_pampliega_associats.png\",\"contentUrl\":\"https:\/\/pampliegaassociats.com\/wp-content\/uploads\/2019\/02\/logo_pampliega_associats.png\",\"width\":220,\"height\":110,\"caption\":\"Pampliega & Associats\"},\"image\":{\"@id\":\"https:\/\/pampliegaassociats.com\/#\/schema\/logo\/image\/\"}}]}<\/script>\n<!-- \/ Yoast SEO plugin. -->","yoast_head_json":{"title":"Press - Pampliega &amp; Associats","robots":{"index":"index","follow":"follow","max-snippet":"max-snippet:-1","max-image-preview":"max-image-preview:large","max-video-preview":"max-video-preview:-1"},"canonical":"https:\/\/pampliegaassociats.com\/en\/prensa\/","og_locale":"en_US","og_type":"article","og_title":"Press - Pampliega &amp; Associats","og_description":"Press Colaboration agreement Pampliega&amp;Associats and LLYC","og_url":"https:\/\/pampliegaassociats.com\/en\/prensa\/","og_site_name":"Pampliega &amp; Associats","article_modified_time":"2020-03-06T10:47:33+00:00","twitter_card":"summary_large_image","schema":{"@context":"https:\/\/schema.org","@graph":[{"@type":"WebPage","@id":"https:\/\/pampliegaassociats.com\/en\/prensa\/","url":"https:\/\/pampliegaassociats.com\/en\/prensa\/","name":"Press - Pampliega &amp; Associats","isPartOf":{"@id":"https:\/\/pampliegaassociats.com\/#website"},"datePublished":"2020-03-06T09:34:50+00:00","dateModified":"2020-03-06T10:47:33+00:00","breadcrumb":{"@id":"https:\/\/pampliegaassociats.com\/en\/prensa\/#breadcrumb"},"inLanguage":"en-US","potentialAction":[{"@type":"ReadAction","target":["https:\/\/pampliegaassociats.com\/en\/prensa\/"]}]},{"@type":"BreadcrumbList","@id":"https:\/\/pampliegaassociats.com\/en\/prensa\/#breadcrumb","itemListElement":[{"@type":"ListItem","position":1,"name":"Portada","item":"https:\/\/pampliegaassociats.com\/en\/"},{"@type":"ListItem","position":2,"name":"Press"}]},{"@type":"WebSite","@id":"https:\/\/pampliegaassociats.com\/#website","url":"https:\/\/pampliegaassociats.com\/","name":"Pampliega &amp; Associats","description":"Comunicaci\u00f3 Estrat\u00e8gica Reputaci\u00f3 i Gesti\u00f3 de crisi","publisher":{"@id":"https:\/\/pampliegaassociats.com\/#organization"},"potentialAction":[{"@type":"SearchAction","target":{"@type":"EntryPoint","urlTemplate":"https:\/\/pampliegaassociats.com\/?s={search_term_string}"},"query-input":{"@type":"PropertyValueSpecification","valueRequired":true,"valueName":"search_term_string"}}],"inLanguage":"en-US"},{"@type":"Organization","@id":"https:\/\/pampliegaassociats.com\/#organization","name":"Pampliega & Associats","url":"https:\/\/pampliegaassociats.com\/","logo":{"@type":"ImageObject","inLanguage":"en-US","@id":"https:\/\/pampliegaassociats.com\/#\/schema\/logo\/image\/","url":"https:\/\/pampliegaassociats.com\/wp-content\/uploads\/2019\/02\/logo_pampliega_associats.png","contentUrl":"https:\/\/pampliegaassociats.com\/wp-content\/uploads\/2019\/02\/logo_pampliega_associats.png","width":220,"height":110,"caption":"Pampliega & Associats"},"image":{"@id":"https:\/\/pampliegaassociats.com\/#\/schema\/logo\/image\/"}}]}},"featured_image_src":null,"featured_image_src_square":null,"_links":{"self":[{"href":"https:\/\/pampliegaassociats.com\/en\/wp-json\/wp\/v2\/pages\/1003","targetHints":{"allow":["GET"]}}],"collection":[{"href":"https:\/\/pampliegaassociats.com\/en\/wp-json\/wp\/v2\/pages"}],"about":[{"href":"https:\/\/pampliegaassociats.com\/en\/wp-json\/wp\/v2\/types\/page"}],"author":[{"embeddable":true,"href":"https:\/\/pampliegaassociats.com\/en\/wp-json\/wp\/v2\/users\/2"}],"replies":[{"embeddable":true,"href":"https:\/\/pampliegaassociats.com\/en\/wp-json\/wp\/v2\/comments?post=1003"}],"version-history":[{"count":4,"href":"https:\/\/pampliegaassociats.com\/en\/wp-json\/wp\/v2\/pages\/1003\/revisions"}],"predecessor-version":[{"id":1017,"href":"https:\/\/pampliegaassociats.com\/en\/wp-json\/wp\/v2\/pages\/1003\/revisions\/1017"}],"wp:attachment":[{"href":"https:\/\/pampliegaassociats.com\/en\/wp-json\/wp\/v2\/media?parent=1003"}],"curies":[{"name":"wp","href":"https:\/\/api.w.org\/{rel}","templated":true}]}}